{"id":12243,"date":"2020-12-26T19:20:18","date_gmt":"2020-12-26T18:20:18","guid":{"rendered":"https:\/\/www.aerogolf.it\/?page_id=12243"},"modified":"2021-05-16T11:28:23","modified_gmt":"2021-05-16T09:28:23","slug":"regolamento-tenerife-2021-by-sporttour","status":"publish","type":"page","link":"https:\/\/www.aerogolf.it\/index.php\/regolamento-tenerife-2021-by-sporttour\/","title":{"rendered":"Regolamento TENERIFE 2021 by Sporttour"},"content":{"rendered":"<p>[vc_row][vc_column][vc_row_inner][vc_column_inner][vc_single_image image=&#8221;12247&#8243; img_size=&#8221;medium&#8221; alignment=&#8221;center&#8221;][\/vc_column_inner][\/vc_row_inner][vc_column_text]<\/p>\n<p style=\"text-align: justify;\"><span class=\"medium-text\">Circuito di gare, articolato su 7 tappe di qualificazione e una finale, con premi per ciascuna tappa, qualificazione alla finale gratuita e viaggi premio a Tenerife previsti per Settembre 2021, salvo restrizioni Covid.<\/span><\/p>\n<p style=\"text-align: justify;\"><span class=\"medium-text\"><strong>Partecipazione<\/strong><\/span><br \/>\n<span class=\"medium-text\">Possono partecipare tutti i giocatori tesserati FIG ed i giocatori stranieri in possesso dell\u2019handicap rilasciato dalla propria Federazione Nazionale<\/span><\/p>\n<p style=\"text-align: justify;\"><span class=\"medium-text\"><strong>Calendario Gare<\/strong><\/span><br \/>\n<span class=\"medium-text\">1\u00aa tappa: \u00a0\u00a0\u00a0\u00a0\u00a0\u00a0\u00a0 Marted\u00ec 4\u00a0\u00a0\u00a0\u00a0\u00a0\u00a0\u00a0 MAGGIO\u00a0\u00a0\u00a0\u00a0\u00a0\u00a0\u00a0\u00a0\u00a0 Fioranello Golf Club<\/span><br \/>\n<span class=\"medium-text\">2\u00aa tappa:\u00a0\u00a0\u00a0\u00a0\u00a0\u00a0\u00a0\u00a0 Venerd\u00ec 21\u00a0\u00a0\u00a0\u00a0\u00a0 MAGGIO\u00a0\u00a0\u00a0\u00a0\u00a0\u00a0\u00a0\u00a0\u00a0 Golf Club Fiuggi 1928<\/span><br \/>\n<span class=\"medium-text\">3\u00aa tappa: \u00a0 \u00a0 \u00a0 \u00a0 Venerd\u00ec 28\u00a0\u00a0 \u00a0 \u00a0MAGGIO \u00a0 \u00a0 \u00a0 \u00a0 \u00a0Castelgandolfo Golf Club<\/span><br \/>\n<span class=\"medium-text\">4\u00aa tappa: \u00a0\u00a0\u00a0\u00a0\u00a0\u00a0\u00a0 Gioved\u00ec 3 \u00a0 \u00a0 \u00a0 \u00a0GIUGNO\u00a0\u00a0\u00a0\u00a0\u00a0\u00a0\u00a0\u00a0\u00a0 Circolo del Golf Roma Acquasanta<\/span><br \/>\n<span class=\"medium-text\">5\u00aa tappa:\u00a0\u00a0\u00a0\u00a0\u00a0\u00a0\u00a0\u00a0 Mercoled\u00ec 9 \u00a0\u00a0\u00a0 GIUGNO \u00a0 \u00a0 \u00a0 \u00a0 Golf Club Parco de\u2019 Medici<\/span><br \/>\n<span class=\"medium-text\">6\u00aa tappa: \u00a0\u00a0\u00a0\u00a0\u00a0\u00a0\u00a0 Sabato 19 \u00a0\u00a0\u00a0\u00a0\u00a0 GIUGNO \u00a0\u00a0\u00a0\u00a0\u00a0\u00a0\u00a0\u00a0 Marco Simone Golf &amp; C.C.<\/span><br \/>\n<span class=\"medium-text\">7\u00aa tappa: \u00a0\u00a0\u00a0\u00a0\u00a0\u00a0\u00a0 26 \u2013 29 \u00a0\u00a0\u00a0\u00a0\u00a0\u00a0\u00a0\u00a0\u00a0\u00a0 GIUGNO \u00a0\u00a0\u00a0\u00a0\u00a0\u00a0\u00a0\u00a0 Acaya Golf Club<\/span><\/p>\n<p style=\"text-align: justify;\"><span class=\"medium-text\"><strong>FINALE: \u00a0 \u00a0 \u00a0 \u00a0 \u00a0Venerd\u00ec 9 \u00a0 \u00a0 \u00a0 \u00a0 LUGLIO \u00a0 \u00a0 \u00a0 \u00a0 Golf Club Parco de\u2019 Medici \u00a0\u00a0\u00a0\u00a0\u00a0\u00a0\u00a0\u00a0\u00a0\u00a0\u00a0\u00a0 <\/strong><\/span><\/p>\n<p style=\"text-align: justify;\"><span class=\"medium-text\"><strong>Gare di Qualifica<\/strong><\/span><br \/>\n<span class=\"medium-text\">Formula di gioco: 18 buche stableford.<\/span><br \/>\n<span class=\"medium-text\">Categorie: 3 come indicate dal circolo ospitante, con handicap di gioco limitato a 36.<\/span><\/p>\n<p style=\"text-align: justify;\"><span class=\"medium-text\">Se, per qualsiasi motivo, il giro convenzionale non potr\u00e0 essere terminato entro la giornata di gara, saranno presi in considerazione i risultati riportati nelle prime nove buche.<\/span><\/p>\n<p style=\"text-align: justify;\"><span class=\"medium-text\">Premi in ordine di assegnazione: 1\u00b0 lordo, 1\u00b0 e 2\u00b0 netto per 3 categorie, 1\u00b0 senior e 1\u00b0 lady\u00a0\u00a0\u00a0\u00a0\u00a0\u00a0<\/span><\/p>\n<p style=\"text-align: justify;\"><span class=\"medium-text\">I vincitori non presenti alla premiazione, potranno delegare un altro giocatore a ritirare il premio; in mancanza di un delegato i premi saranno restituiti allo sponsor.<\/span><\/p>\n<p style=\"text-align: justify;\"><span class=\"medium-text\">Si applicheranno le regole del Royal Ancient Golf Club di St. Andrews, secondo l\u2019Hard Card FIG e le regole locali del circolo ospitante.<\/span><\/p>\n<p style=\"text-align: justify;\"><span class=\"medium-text\"><strong>RANKING<\/strong><\/span><br \/>\n<span class=\"medium-text\">In base alla posizione nella classifica generale netta, ogni giocatore ricever\u00e0 i seguenti punteggi:<\/span><br \/>\n<span class=\"medium-text\">1\u00b0 Classificato: 1000\u00a0\u00a0\u00a0 TAPAS<\/span><br \/>\n<span class=\"medium-text\">2\u00b0 Classificato: \u00a0\u00a0900 \u00a0\u00a0 TAPAS<\/span><br \/>\n<span class=\"medium-text\">3\u00b0 Classificato: \u00a0\u00a0810 \u00a0\u00a0 TAPAS<\/span><br \/>\n<span class=\"medium-text\">4\u00b0 Classificato: \u00a0\u00a0730 \u00a0\u00a0 TAPAS<\/span><br \/>\n<span class=\"medium-text\">5\u00b0 Classificato: \u00a0 660 \u00a0\u00a0 TAPAS<\/span><br \/>\n<span class=\"medium-text\">6\u00b0 Classificato: \u00a0\u00a0600 \u00a0\u00a0 TAPAS<\/span><br \/>\n<span class=\"medium-text\">7\u00b0 Classificato: \u00a0\u00a0550 \u00a0\u00a0 TAPAS<\/span><br \/>\n<span class=\"medium-text\">8\u00b0 Classificato: \u00a0\u00a0510 \u00a0\u00a0 TAPAS<\/span><br \/>\n<span class=\"medium-text\">9\u00b0 Classificato: \u00a0\u00a0480 \u00a0\u00a0 TAPAS<\/span><br \/>\n<span class=\"medium-text\">10\u00b0 Classificato: 460 \u00a0\u00a0 TAPAS<\/span><\/p>\n<p style=\"text-align: justify;\"><span class=\"medium-text\">dall\u201911\u00b0 classificato fino all\u2019ultimo si procede con l\u2019assegnazione di 5 TAPAS in meno rispetto alla posizione precedente (quindi 11\u00b0 classificato: 455 TAPAS, 12\u00b0 classificato: 450 TAPAS, 13\u00b0 classificato: 445 TAPAS, ecc.).<\/span><\/p>\n<p style=\"text-align: justify;\"><span class=\"medium-text\">Tutti i giocatori pari merito prenderanno gli stessi punti, mentre i classificati nella posizione successiva, avranno i punti conseguenti, relativi\u00a0alla posizione precedente sommata al numero di pari merito.<\/span><\/p>\n<p style=\"text-align: justify;\"><span class=\"medium-text\">Saranno presi in considerazione i 4 migliori punteggi sulle 7 tappe di qualifica in calendario. \u00a0\u00a0\u00a0\u00a0<\/span><\/p>\n<p style=\"text-align: justify;\"><span class=\"medium-text\"><strong>Accesso alla Finale<\/strong><\/span><br \/>\n<span class=\"medium-text\">Si qualificheranno per la FINALE, ospiti di Sporttour:<\/span><\/p>\n<ul style=\"text-align: justify;\">\n<li><span class=\"medium-text\">i primi 3 netti delle 3 categorie di ogni tappa di qualifica; nel caso in cui uno dei 3 primi netti fosse gi\u00e0 qualificato, sar\u00e0 ammesso alla finale il giocatore che segue in classifica e cos\u00ec via;<\/span><\/li>\n<li><span class=\"medium-text\">il Socio AeroGolf, con il miglior punteggio risultante dalla classifica generale netta di ogni tappa; nel caso in cui fosse gi\u00e0 qualificato, sar\u00e0 ammesso alla finale il giocatore Socio AeroGolf che segue in classifica;<\/span><\/li>\n<li><span class=\"medium-text\">il giocatore estratto a sorte durante la premiazione di ogni tappa, solo se ammessa dalle norme anti-Covid; nel caso in cui il giocatore non fosse presente si proseguir\u00e0 con l\u2019estrazione.<\/span><\/li>\n<li><span class=\"medium-text\">i primi 3 giocatori, non altrimenti qualificati, di ciascuna della 3 categorie del RANKING al termine delle gare di qualifica. Le categoria saranno:<\/span><br \/>\n<span class=\"medium-text\">\u00a0 \u00a0 \u00a0 \u00a0 \u00a0 \u00a01^ categoria: handicap index 0 \u2013 12,0<\/span><br \/>\n<span class=\"medium-text\">\u00a0 \u00a0 \u00a0 \u00a0 \u00a0 \u00a02^ categoria: handicap index 12,1 \u2013 20,0<\/span><br \/>\n<span class=\"medium-text\">\u00a0 \u00a0 \u00a0 \u00a0 \u00a0 \u00a03^ categoria: handicap index 20,1 &#8211; 54<\/span><\/li>\n<\/ul>\n<p style=\"text-align: justify;\"><span class=\"medium-text\">Ad ogni giocatore sar\u00e0 attribuita la categoria in base all\u2019handicap index al giorno dell\u2019ultima tappa.<\/span><\/p>\n<p style=\"text-align: justify;\"><span class=\"medium-text\">Saranno considerati i 4 migliori risultati e, in caso di parit\u00e0 sar\u00e0 preso in considerazione il miglior risultato scartato e, in caso di ulteriore parit\u00e0, il secondo migliore scarto e cos\u00ec via. Se i giocatori saranno ancora in parit\u00e0 dopo la verifica degli scarti, saranno tutti qualificati per la finale.<\/span><\/p>\n<ul style=\"text-align: justify;\">\n<li><span class=\"medium-text\">le prime 3 giocatrici, non altrimenti qualificate, di ciascuna della 3 categorie del RANKING al termine delle gare di qualifica. Le categoria saranno:<\/span>\n<ul>\n<li><span class=\"medium-text\">1^ categoria: handicap index 0 \u2013 12,0<\/span><\/li>\n<li><span class=\"medium-text\">2^ categoria: handicap index 12,1 \u2013 20,0<\/span><\/li>\n<li><span class=\"medium-text\">3^ categoria: handicap index 20,1 &#8211; 54<\/span><\/li>\n<\/ul>\n<\/li>\n<\/ul>\n<p style=\"text-align: justify;\"><span class=\"medium-text\">Ad ogni giocatrice sar\u00e0 attribuita la categoria in base all\u2019handicap index al giorno dell\u2019ultima tappa.<\/span><\/p>\n<p style=\"text-align: justify;\"><span class=\"medium-text\">Saranno considerati i 4 migliori risultati e, in caso di parit\u00e0 sar\u00e0 preso in considerazione il miglior risultato scartato e, in caso di ulteriore parit\u00e0, il secondo migliore scarto e cos\u00ec via. Se le giocatrici saranno ancora in parit\u00e0 dopo la verifica degli scarti, saranno tutte qualificate per la finale.<\/span><\/p>\n<p style=\"text-align: justify;\"><span class=\"medium-text\">I finalisti saranno ospiti della Sporttour e dovranno confermare la loro partecipazione entro 3 giorni dalla data della finale, pena l\u2019esclusione. Le partenze saranno organizzate dal Comitato di Gara in ordine di handicap.<\/span><\/p>\n<p style=\"text-align: justify;\"><span class=\"medium-text\"><strong>Finale<\/strong><\/span><br \/>\n<span class=\"medium-text\">Formula di gioco FINALISTI: 18 buche stableford<\/span><br \/>\n<span class=\"medium-text\">Categorie: 2, come indicate dal circolo di ospitante, con handicap di gioco limitato a 36<\/span><br \/>\n<span class=\"medium-text\">Premi: il 1\u00b0 lordo assoluto, il 1\u00b0 netto di 1^ categoria e il 1\u00b0 netto di 2^ categoria vincono il soggiorno a Tenerife.<\/span><\/p>\n<p style=\"text-align: justify;\"><span class=\"medium-text\">Formula di gioco AMICI di Sporttour: 18 buche stableford<\/span><br \/>\n<span class=\"medium-text\">Categorie: 2, come indicate dal circolo ospitante con handicap di gioco limitato a 36<\/span><br \/>\n<span class=\"medium-text\">Premi: 1\u00b0 lordo assoluto, 1\u00b0 netto di 1^ categoria e 1\u00b0 netto di 2^ categoria<\/span><\/p>\n<p style=\"text-align: justify;\"><span class=\"medium-text\"><strong>Premio Speciale HOLE-IN-ONE<\/strong><\/span><br \/>\n<span class=\"medium-text\">Il primo giocatore che realizzer\u00e0 una \u201cHole in One\u201d nella buca indicata dal Comitato, in una delle gare di qualifica o alla finale, vincer\u00e0 il soggiorno a Tenerife.<\/span><\/p>\n<p style=\"text-align: justify;\"><span class=\"medium-text\"><strong>Soggiorno a Tenerife<\/strong><\/span><br \/>\n<span class=\"medium-text\">Il SOGGIORNO a TENERIFE include 7 pernottamenti in un hotel a 5 stelle con prima colazione e green fee, come indicato nel programma. Il viaggio \u00e8 programmato dal 18 al 25 settembre 2021, restrizioni Covid permettendo.<\/span><\/p>\n<p style=\"text-align: justify;\"><span class=\"medium-text\"><strong>Voucher premio<\/strong><\/span><br \/>\n<span class=\"medium-text\">Fra tutti i partecipanti alla Finale e gli Amici di Sporttour che non abbiano gi\u00e0 vinto il soggiorno e che siano presenti alla premiazione, saranno estratti 3 voucher del valore di 100\u20ac ciascuno, a valere come sconto sul costo del soggiorno a Tenerife. I voucher saranno NOMINATIVI e non saranno CEDIBILI.<\/span><\/p>\n<p style=\"text-align: justify;\"><span class=\"medium-text\"><strong>Tee di Partenza<\/strong><\/span><br \/>\n<span class=\"medium-text\">I giocatori\u00a0Under 12 con handicap &gt; 11,4\u00a0e i giocatori\u00a0<strong>Over 65<\/strong>\u00a0che lo richiedono, possono partire dai tee avanzati\u00a0ove, nel circolo, siano disponibili,\u00a0con conseguente adeguamento dell\u2019handicap, ma non potranno concorrere al premio Lordo e al Driving Contest se previsto e ad eventuali altri premi specificati nel regolamento della singola gara.<\/span><\/p>\n<p style=\"text-align: justify;\"><span class=\"medium-text\"><strong>Comitato di Gara<\/strong><\/span><br \/>\n<span class=\"medium-text\">Arbitro espressamente designato dal Circolo ospitante, un membro designato dall\u2019AeroGolf, un membro designato dalla Sporttour.<\/span><\/p>\n<p style=\"text-align: justify;\"><span class=\"medium-text\"><strong>Reclami<\/strong><\/span><br \/>\n<span class=\"medium-text\">Saranno presi in considerazione i reclami inoltrati per iscritto al Comitato di Gara entro 15 minuti dalla pubblicazione dei risultati ufficiali affissi sulla bacheca di gara.<\/span><\/p>\n<p style=\"text-align: justify;\"><span class=\"medium-text\">Il Comitato si riserva di dirimere al meglio le situazioni non contemplate da questo regolamento al fine di facilitare un corretto e piacevole svolgimento della gara.<\/span><\/p>\n<p style=\"text-align: justify;\"><span class=\"medium-text\"><strong>Annullamenti<\/strong><\/span><br \/>\n<span class=\"medium-text\">Una tappa annullata, se possibile, sar\u00e0 rimessa in calendario, anche in altra sede. Il circuito sar\u00e0 valido anche se non saranno disputate tutte le tappe in programma. Il Comitato Organizzativo si riserva il diritto di apportare variazioni al presente regolamento.<\/span><\/p>\n<p style=\"text-align: justify;\"><span class=\"medium-text\">La Sporttour si riserva di poter apporre cambiamenti al presente regolamento, sia per ragioni legate ad eventuali restrizioni Covid, sia circa un eventuale aumento del numero delle gare di qualificazione.<\/span><\/p>\n<p>[\/vc_column_text][vc_column_text]<\/p>\n<p style=\"text-align: right;\">Aut. FIG n. 4\/2021<\/p>\n<p>[\/vc_column_text][vc_row_inner][vc_column_inner width=&#8221;2\/3&#8243;][vc_column_text css=&#8221;.vc_custom_1610562090125{margin-top: 60px !important;}&#8221;]<\/p>\n<p style=\"text-align: right;\"><em>Organizzazione Tecnica di<\/em><\/p>\n<p>[\/vc_column_text][\/vc_column_inner][vc_column_inner width=&#8221;1\/3&#8243;][vc_single_image image=&#8221;12447&#8243;][\/vc_column_inner][\/vc_row_inner][\/vc_column][\/vc_row]<\/p>\n","protected":false},"excerpt":{"rendered":"<p>[vc_row][vc_column][vc_row_inner][vc_column_inner][vc_single_image image=&#8221;12247&#8243; img_size=&#8221;medium&#8221; alignment=&#8221;center&#8221;][\/vc_column_inner][\/vc_row_inner][vc_column_text] Circuito di gare, articolato su 7 tappe di qualificazione e una finale, con premi per ciascuna tappa, qualificazione alla finale gratuita e viaggi premio a Tenerife previsti per Settembre 2021, salvo restrizioni Covid. Partecipazione Possono partecipare tutti i giocatori tesserati FIG ed i giocatori stranieri in possesso dell\u2019handicap rilasciato dalla propria<a class=\"read-more\" href=\"https:\/\/www.aerogolf.it\/index.php\/regolamento-tenerife-2021-by-sporttour\/\">Continue reading <i class=\"fa fa-angle-right fa-lg\"><\/i><\/a><\/p>\n","protected":false},"author":1,"featured_media":0,"parent":0,"menu_order":0,"comment_status":"closed","ping_status":"closed","template":"","meta":{"pgc_meta":"","_bbp_topic_count":0,"_bbp_reply_count":0,"_bbp_total_topic_count":0,"_bbp_total_reply_count":0,"_bbp_voice_count":0,"_bbp_anonymous_reply_count":0,"_bbp_topic_count_hidden":0,"_bbp_reply_count_hidden":0,"_bbp_forum_subforum_count":0,"_mi_skip_tracking":false,"_exactmetrics_sitenote_active":false,"_exactmetrics_sitenote_note":"","_exactmetrics_sitenote_category":0,"_monsterinsights_sitenote_active":false,"_monsterinsights_sitenote_note":"","_monsterinsights_sitenote_category":0,"footnotes":""},"class_list":["post-12243","page","type-page","status-publish","hentry"],"pgc_meta":"","_links":{"self":[{"href":"https:\/\/www.aerogolf.it\/index.php\/wp-json\/wp\/v2\/pages\/12243","targetHints":{"allow":["GET"]}}],"collection":[{"href":"https:\/\/www.aerogolf.it\/index.php\/wp-json\/wp\/v2\/pages"}],"about":[{"href":"https:\/\/www.aerogolf.it\/index.php\/wp-json\/wp\/v2\/types\/page"}],"author":[{"embeddable":true,"href":"https:\/\/www.aerogolf.it\/index.php\/wp-json\/wp\/v2\/users\/1"}],"replies":[{"embeddable":true,"href":"https:\/\/www.aerogolf.it\/index.php\/wp-json\/wp\/v2\/comments?post=12243"}],"version-history":[{"count":23,"href":"https:\/\/www.aerogolf.it\/index.php\/wp-json\/wp\/v2\/pages\/12243\/revisions"}],"predecessor-version":[{"id":13064,"href":"https:\/\/www.aerogolf.it\/index.php\/wp-json\/wp\/v2\/pages\/12243\/revisions\/13064"}],"wp:attachment":[{"href":"https:\/\/www.aerogolf.it\/index.php\/wp-json\/wp\/v2\/media?parent=12243"}],"curies":[{"name":"wp","href":"https:\/\/api.w.org\/{rel}","templated":true}]}}