{"id":12423,"date":"2021-01-12T21:47:23","date_gmt":"2021-01-12T20:47:23","guid":{"rendered":"https:\/\/www.aerogolf.it\/?page_id=12423"},"modified":"2021-04-30T17:51:07","modified_gmt":"2021-04-30T15:51:07","slug":"regolamento-club-challenge-2021","status":"publish","type":"page","link":"https:\/\/www.aerogolf.it\/index.php\/regolamento-club-challenge-2021\/","title":{"rendered":"Regolamento CLUB CHALLENGE 2021"},"content":{"rendered":"<p>[vc_row][vc_column][vc_column_text]<span class=\"medium-text\"><strong>Partecipazione<\/strong><\/span><br \/>\n<span class=\"medium-text\">Possono partecipare al \u201c<strong>CLUB CHALLENGE\u201d<\/strong> tutti i soci AeroGolf, in regola con il versamento della quota associativa e tesserati alla FIG.<\/span><\/p>\n<p><span class=\"medium-text\"><strong>Squadre<\/strong><\/span><br \/>\n<span class=\"medium-text\">Ogni giocatore gioca per il Circolo di Golf o Campo Pratica (<strong>CLUB<\/strong>) nel quale \u00e8 tesserato FIG ed in ogni gara disputata il <strong>CLUB<\/strong> accumula punti (secondo il Ranking \u201c20 Years AeroGolf\u201d) dei suoi 3 migliori giocatori.<\/span><\/p>\n<p><span class=\"medium-text\"><strong>Gare<\/strong><\/span><br \/>\n<span class=\"medium-text\">Le gare valide per il \u201cCLUB CHALLENGE\u201d sono quelle previste nel ranking &#8220;20 YEARS AEROGOLF&#8221; <\/span><span class=\"medium-text\"> anche se spostate in altra data o in altro circolo.<\/span><\/p>\n<p><span class=\"medium-text\"><strong>Classifica <\/strong><\/span><br \/>\n<span class=\"medium-text\">Le MIGLIA NAUTICHE saranno assegnate ad ogni singolo giocatore, come indicato nel Regolamento del \u201c20 Years AeroGolf\u201d, in relazione alla posizione nella classifica generale netta.<\/span><br \/>\n<span class=\"medium-text\">Saranno presi in considerazione le miglia guadagnate dai 3 migliori giocatori di ogni CLUB e si prenderanno in considerazione le 8 gare con i risultati migliori.<\/span><strong>\u00a0<\/strong><\/p>\n<p><span class=\"medium-text\"><strong>Premi<\/strong><\/span><br \/>\n<span class=\"medium-text\">Nella gara di fine anno, il <strong>CLUB<\/strong> vincitore ricever\u00e0 il <strong>CHALLENGE <\/strong>e lo custodir\u00e0 al proprio Circolo per tutto l\u2019anno. Sar\u00e0 definitivamente del <strong>CLUB<\/strong> che lo vincer\u00e0 per 3 anni, anche non consecutivi.<\/span><\/p>\n<p><span class=\"medium-text\"><strong>Casi di parit\u00e0<\/strong><\/span><br \/>\n<span class=\"medium-text\">Eventuali parit\u00e0 saranno risolte a favore del <strong>CLUB<\/strong> che avr\u00e0 il miglior 1\u00b0 risultato scartato, poi il 2\u00b0 e cos\u00ec via.<\/span><\/p>\n<p><span class=\"medium-text\">Qualora la parit\u00e0 persistesse, verr\u00e0 considerata la media degli handicap index pi\u00f9 bassa dei giocatori presi in considerazione per il risultato dell\u2019ultima gara, in caso di ulteriore parit\u00e0 si proceder\u00e0 al sorteggio.<\/span><\/p>\n<p><span class=\"medium-text\"><strong>Annullamenti<\/strong><\/span><br \/>\n<span class=\"medium-text\">In caso di annullamento di una gara, la stessa sar\u00e0 ritenuta valida ai fini del <strong>CLUB CHALLENGE<\/strong> solo se tutti i soci AeroGolf iscritti abbiano avuto la possibilit\u00e0 di giocare nella giornata valida. <\/span><\/p>\n<p><span class=\"medium-text\">Il Consiglio dell\u2019Associazione ha facolt\u00e0 di non ritenere valida, ai fini della suddetta classifica, una gara che si sia svolta in condizioni di gioco estremamente differenti nei giorni di effettuazione, tali da penalizzare una parte dei soci partecipanti. <\/span><\/p>\n<p><span class=\"medium-text\">Una gara annullata se possibile sar\u00e0 rimessa in calendario, anche in altra sede; nel caso non sia possibile recuperarle, saranno prese in considerazione solo le gare disputate. <\/span><\/p>\n<p><span class=\"medium-text\">Il Consiglio dell\u2019AeroGolf si riserva il diritto di apportare variazioni al presente regolamento.<\/span>[\/vc_column_text][\/vc_column][\/vc_row]<\/p>\n","protected":false},"excerpt":{"rendered":"<p>[vc_row][vc_column][vc_column_text]Partecipazione Possono partecipare al \u201cCLUB CHALLENGE\u201d tutti i soci AeroGolf, in regola con il versamento della quota associativa e tesserati alla FIG. Squadre Ogni giocatore gioca per il Circolo di Golf o Campo Pratica (CLUB) nel quale \u00e8 tesserato FIG ed in ogni gara disputata il CLUB accumula punti (secondo il Ranking \u201c20 Years AeroGolf\u201d)<a class=\"read-more\" href=\"https:\/\/www.aerogolf.it\/index.php\/regolamento-club-challenge-2021\/\">Continue reading <i class=\"fa fa-angle-right fa-lg\"><\/i><\/a><\/p>\n","protected":false},"author":1,"featured_media":0,"parent":0,"menu_order":0,"comment_status":"closed","ping_status":"closed","template":"","meta":{"pgc_meta":"","_bbp_topic_count":0,"_bbp_reply_count":0,"_bbp_total_topic_count":0,"_bbp_total_reply_count":0,"_bbp_voice_count":0,"_bbp_anonymous_reply_count":0,"_bbp_topic_count_hidden":0,"_bbp_reply_count_hidden":0,"_bbp_forum_subforum_count":0,"_mi_skip_tracking":false,"_exactmetrics_sitenote_active":false,"_exactmetrics_sitenote_note":"","_exactmetrics_sitenote_category":0,"_monsterinsights_sitenote_active":false,"_monsterinsights_sitenote_note":"","_monsterinsights_sitenote_category":0,"footnotes":""},"class_list":["post-12423","page","type-page","status-publish","hentry"],"pgc_meta":"","_links":{"self":[{"href":"https:\/\/www.aerogolf.it\/index.php\/wp-json\/wp\/v2\/pages\/12423","targetHints":{"allow":["GET"]}}],"collection":[{"href":"https:\/\/www.aerogolf.it\/index.php\/wp-json\/wp\/v2\/pages"}],"about":[{"href":"https:\/\/www.aerogolf.it\/index.php\/wp-json\/wp\/v2\/types\/page"}],"author":[{"embeddable":true,"href":"https:\/\/www.aerogolf.it\/index.php\/wp-json\/wp\/v2\/users\/1"}],"replies":[{"embeddable":true,"href":"https:\/\/www.aerogolf.it\/index.php\/wp-json\/wp\/v2\/comments?post=12423"}],"version-history":[{"count":4,"href":"https:\/\/www.aerogolf.it\/index.php\/wp-json\/wp\/v2\/pages\/12423\/revisions"}],"predecessor-version":[{"id":12954,"href":"https:\/\/www.aerogolf.it\/index.php\/wp-json\/wp\/v2\/pages\/12423\/revisions\/12954"}],"wp:attachment":[{"href":"https:\/\/www.aerogolf.it\/index.php\/wp-json\/wp\/v2\/media?parent=12423"}],"curies":[{"name":"wp","href":"https:\/\/api.w.org\/{rel}","templated":true}]}}