{"id":15306,"date":"2021-12-23T20:12:11","date_gmt":"2021-12-23T19:12:11","guid":{"rendered":"https:\/\/www.aerogolf.it\/?page_id=15306"},"modified":"2021-12-23T20:12:11","modified_gmt":"2021-12-23T19:12:11","slug":"regolamento-dei-4-season-ranking-winter-spring-summer-autumn","status":"publish","type":"page","link":"https:\/\/www.aerogolf.it\/index.php\/regolamento-dei-4-season-ranking-winter-spring-summer-autumn\/","title":{"rendered":"Regolamento dei 4 &#8220;Season ranking&#8221; Winter, Spring, Summer, Autumn"},"content":{"rendered":"<p>[vc_row][vc_column][vc_column_text]<span class=\"medium-text\"><strong>\u201cSeason Rankings <\/strong><strong>(Winter, Spring, Summer, Autumn)\u201d<\/strong><\/span><\/p>\n<p><span class=\"medium-text\">Quattro circuiti stagionali (Winter, Spring, Summer, Autumn) di 4 gare ognuno.<\/span><\/p>\n<p><span class=\"medium-text\"><strong>Partecipazione<\/strong><\/span><\/p>\n<p><span class=\"medium-text\">Possono partecipare ai circuiti <strong><em>\u201c<\/em><\/strong><strong>Season rankings<\/strong><strong><em>\u201d<\/em><\/strong> tutti i giocatori tesserati FIG, iscritti all\u2019AeroGolf, in regola con il pagamento annuale della quota associativa; eventuali gare disputate prima del versamento della quota non saranno conteggiate.<\/span><\/p>\n<p><span class=\"medium-text\"><strong>Formula di gioco<\/strong><\/span><\/p>\n<p><span class=\"medium-text\">Si accumuleranno miglia nautiche nei 4 \u201cSeason ranking\u201d nelle 4 gare indicate nel calendario AeroGolf. Nelle competizioni in coppia o a squadre ogni giocatore ricever\u00e0 le miglia nautiche in base alla posizione nella classifica generale netta ottenuta dalla coppia o dalla squadra.<\/span><\/p>\n<p><span class=\"medium-text\">Course Handicap limitato a 36.<\/span><\/p>\n<p><span class=\"medium-text\">I vincitori non presenti alla premiazione, potranno delegare un altro giocatore a ritirare il premio; in mancanza di un delegato i premi saranno restituiti allo sponsor.<\/span><\/p>\n<p><span class=\"medium-text\">Si applicheranno le regole del Royal Ancient Golf Club di St. Andrews, secondo l\u2019Hard Card FIG e le regole locali del circolo ospitante.<\/span><\/p>\n<p><span class=\"medium-text\"><strong>Tappe dei Circuiti<\/strong><\/span><\/p>\n<p><span class=\"medium-text\"><strong>WINTER<\/strong><\/span><\/p>\n<ol>\n<li><span class=\"medium-text\">Mare di Roma del\u00a006\/01\/2022<\/span><\/li>\n<li><span class=\"medium-text\">Marina Velka del\u00a016\/01\/2022<\/span><\/li>\n<li><span class=\"medium-text\">Fioranello del\u00a029\/01\/2022<\/span><\/li>\n<li><span class=\"medium-text\">Tiber del\u00a006\/02\/2022<\/span><\/li>\n<\/ol>\n<p><span class=\"medium-text\"><strong>SPRING<\/strong><\/span><\/p>\n<ol>\n<li><span class=\"medium-text\">Olgiata del\u00a008\/03\/202<\/span><\/li>\n<li><span class=\"medium-text\">Terre dei Consoli del\u00a003\/04\/2022<\/span><\/li>\n<li><span class=\"medium-text\">Fiuggi del 08\/05\/2022<\/span><\/li>\n<li><span class=\"medium-text\">Castel Gandolfo del\u00a029\/05\/2022<\/span><\/li>\n<\/ol>\n<p><span class=\"medium-text\"><strong>SUMMER<\/strong><\/span><\/p>\n<ol>\n<li><span class=\"medium-text\">Fioranello del\u00a012\/06\/2022<\/span><\/li>\n<li><span class=\"medium-text\">Marco Simone del 19\/06\/2022<\/span><\/li>\n<li><span class=\"medium-text\">Nazionale del 17\/07\/2022<\/span><\/li>\n<li><span class=\"medium-text\">Olgiata del\u00a018\/08\/2022<\/span><\/li>\n<\/ol>\n<p><span class=\"medium-text\"><strong>AUTUMN<\/strong><\/span><\/p>\n<ol>\n<li><span class=\"medium-text\">Parco di Roma del\u00a018\/09\/2022<\/span><\/li>\n<li><span class=\"medium-text\">Terre dei Consoli del\u00a025\/09\/2022<\/span><\/li>\n<li><span class=\"medium-text\">Marina Velka del\u00a023\/10\/2022<\/span><\/li>\n<li><span class=\"medium-text\">Fioranello del\u00a013\/11\/2022<\/span><\/li>\n<\/ol>\n<p><span class=\"medium-text\">Il numero di gare valide per ogni circuito e le date potranno subire variazioni, ogni circuito sar\u00e0 considerato valido se verranno svolte almeno 3 gare.<\/span><\/p>\n<p><span class=\"medium-text\"><strong>Tee di Partenza<\/strong><\/span><\/p>\n<p><span class=\"medium-text\">I giocatori\u00a0Under 12 con EGA Handicap &gt; 11,4\u00a0e i giocatori\u00a0<strong>Over 65<\/strong>\u00a0che lo richiedono, possono partire dai tee avanzati\u00a0ove nel circolo siano disponibili,\u00a0con conseguente adeguamento dell\u2019handicap senza per\u00f2 poter concorrere al premio Lordo, al Nearest to the Pin e al driving contest ed ad eventuali altri premi specificati nel regolamento di gara.<\/span><\/p>\n<p><span class=\"medium-text\"><strong>\u201cSeason Rankings<\/strong><strong><em>\u201d<\/em><\/strong><\/span><\/p>\n<p><span class=\"medium-text\">In base alla posizione nella classifica generale unica netta, relativa ai soli soci AeroGolf, di ciascuna tappa, si assegnano MIGLIA NAUTICHE, come segue:<\/span><\/p>\n<p><span class=\"medium-text\">1\u00b0 Classificato:\u00a0\u00a0\u00a0\u00a0\u00a0\u00a0\u00a0 500 miglia<\/span><br \/>\n<span class=\"medium-text\">2\u00b0 Classificato: \u00a0\u00a0\u00a0\u00a0\u00a0\u00a0 470 miglia<\/span><br \/>\n<span class=\"medium-text\">3\u00b0 Classificato: \u00a0\u00a0\u00a0\u00a0\u00a0\u00a0 440 miglia<\/span><br \/>\n<span class=\"medium-text\">4\u00b0 Classificato: \u00a0\u00a0\u00a0\u00a0\u00a0\u00a0 410 miglia<\/span><br \/>\n<span class=\"medium-text\">5\u00b0 Classificato:\u00a0\u00a0\u00a0\u00a0\u00a0\u00a0\u00a0 380 miglia<\/span><br \/>\n<span class=\"medium-text\">6\u00b0 Classificato: \u00a0\u00a0\u00a0\u00a0\u00a0\u00a0 360 miglia<\/span><br \/>\n<span class=\"medium-text\">7\u00b0 Classificato: \u00a0\u00a0\u00a0\u00a0\u00a0\u00a0 340 miglia<\/span><br \/>\n<span class=\"medium-text\">8\u00b0 Classificato: \u00a0\u00a0\u00a0\u00a0\u00a0\u00a0 320 miglia<\/span><br \/>\n<span class=\"medium-text\">9\u00b0 Classificato: \u00a0\u00a0\u00a0\u00a0\u00a0\u00a0 300 miglia<\/span><br \/>\n<span class=\"medium-text\">10\u00b0 Classificato: \u00a0\u00a0 \u00a0\u00a0 280 miglia<\/span><br \/>\n<span class=\"medium-text\">11\u00b0 Classificato: \u00a0\u00a0\u00a0 \u00a0 270 miglia<\/span><br \/>\n<span class=\"medium-text\">12\u00b0 Classificato: \u00a0\u00a0\u00a0\u00a0 260 miglia<\/span><br \/>\n<span class=\"medium-text\">13\u00b0 Classificato: \u00a0 \u00a0\u00a0\u00a0 250 miglia<\/span><br \/>\n<span class=\"medium-text\">14\u00b0 Classificato: \u00a0\u00a0 \u00a0\u00a0 240 miglia<\/span><br \/>\n<span class=\"medium-text\">15\u00b0 Classificato: \u00a0\u00a0\u00a0 \u00a0 230 miglia<\/span><br \/>\n<span class=\"medium-text\">16\u00b0 Classificato: \u00a0\u00a0\u00a0\u00a0 225 miglia<\/span><br \/>\n<span class=\"medium-text\">17\u00b0 Classificato: \u00a0 \u00a0\u00a0\u00a0 220 miglia<\/span><br \/>\n<span class=\"medium-text\">18\u00b0 Classificato: \u00a0\u00a0 \u00a0\u00a0 215 miglia<\/span><br \/>\n<span class=\"medium-text\">19\u00b0 Classificato: \u00a0\u00a0\u00a0 \u00a0 210 miglia<\/span><br \/>\n<span class=\"medium-text\">20\u00b0 Classificato: \u00a0\u00a0\u00a0\u00a0 205 miglia<\/span><\/p>\n<p>&nbsp;<\/p>\n<p><span class=\"medium-text\">dall\u201921\u00b0 Classificato fino all\u2019ultimo partecipante alla gara si procede con l\u2019assegnazione di 1 miglia in meno rispetto alla posizione precedente (quindi 21\u00b0 Classificato: 204 miglia, 22\u00b0 Classificato: 203 miglia, 23\u00b0 Classificato: 202 miglia, ecc.).<\/span><\/p>\n<p><span class=\"medium-text\">Tutti i giocatori pari merito nella classifica di giornata, prenderanno le stesse miglia, mentre i classificati nella posizione successiva, avranno classifica e miglia conseguenti, uguali alla posizione precedente sommata al numero di pari merito.<\/span><\/p>\n<p><span class=\"medium-text\">Saranno presi in considerazione i 3 migliori punteggi sulle 4 tappe in calendario.<\/span><\/p>\n<p><span class=\"medium-text\"><strong>Premi<\/strong><\/span><\/p>\n<p><span class=\"medium-text\">Il 1\u00b0 classificato di ogni Ranking, sar\u00e0 ospite dell\u2019Associazione in uno dei weekend che verranno organizzati.<\/span><\/p>\n<p><span class=\"medium-text\">In caso di parit\u00e0 verranno considerati i migliori risultati scartati (verr\u00e0 considerato il primo migliore scarto, in caso di ulteriore parit\u00e0 il secondo migliore scarto e cos\u00ec via), Se i giocatori saranno ancora in parit\u00e0 dopo la verifica degli scarti il vincitore verr\u00e0 deciso dal sorteggio<em>.<\/em><\/span><\/p>\n<p><span class=\"medium-text\"><strong>Annullamenti<\/strong><\/span><\/p>\n<p><span class=\"medium-text\">I circuiti saranno validi anche se, per qualsiasi motivo, non saranno disputate tutte le tappe in programma. Il Consiglio dell\u2019AeroGolf si riserva il diritto di apportare variazioni al presente regolamento.<\/span><\/p>\n<p>[\/vc_column_text][\/vc_column][\/vc_row]<\/p>\n","protected":false},"excerpt":{"rendered":"<p>[vc_row][vc_column][vc_column_text]\u201cSeason Rankings (Winter, Spring, Summer, Autumn)\u201d Quattro circuiti stagionali (Winter, Spring, Summer, Autumn) di 4 gare ognuno. Partecipazione Possono partecipare ai circuiti \u201cSeason rankings\u201d tutti i giocatori tesserati FIG, iscritti all\u2019AeroGolf, in regola con il pagamento annuale della quota associativa; eventuali gare disputate prima del versamento della quota non saranno conteggiate. Formula di gioco Si<a class=\"read-more\" href=\"https:\/\/www.aerogolf.it\/index.php\/regolamento-dei-4-season-ranking-winter-spring-summer-autumn\/\">Continue reading <i class=\"fa fa-angle-right fa-lg\"><\/i><\/a><\/p>\n","protected":false},"author":1,"featured_media":0,"parent":0,"menu_order":0,"comment_status":"closed","ping_status":"closed","template":"","meta":{"pgc_meta":"","_bbp_topic_count":0,"_bbp_reply_count":0,"_bbp_total_topic_count":0,"_bbp_total_reply_count":0,"_bbp_voice_count":0,"_bbp_anonymous_reply_count":0,"_bbp_topic_count_hidden":0,"_bbp_reply_count_hidden":0,"_bbp_forum_subforum_count":0,"_mi_skip_tracking":false,"_exactmetrics_sitenote_active":false,"_exactmetrics_sitenote_note":"","_exactmetrics_sitenote_category":0,"_monsterinsights_sitenote_active":false,"_monsterinsights_sitenote_note":"","_monsterinsights_sitenote_category":0,"footnotes":""},"class_list":["post-15306","page","type-page","status-publish","hentry"],"pgc_meta":"","_links":{"self":[{"href":"https:\/\/www.aerogolf.it\/index.php\/wp-json\/wp\/v2\/pages\/15306","targetHints":{"allow":["GET"]}}],"collection":[{"href":"https:\/\/www.aerogolf.it\/index.php\/wp-json\/wp\/v2\/pages"}],"about":[{"href":"https:\/\/www.aerogolf.it\/index.php\/wp-json\/wp\/v2\/types\/page"}],"author":[{"embeddable":true,"href":"https:\/\/www.aerogolf.it\/index.php\/wp-json\/wp\/v2\/users\/1"}],"replies":[{"embeddable":true,"href":"https:\/\/www.aerogolf.it\/index.php\/wp-json\/wp\/v2\/comments?post=15306"}],"version-history":[{"count":1,"href":"https:\/\/www.aerogolf.it\/index.php\/wp-json\/wp\/v2\/pages\/15306\/revisions"}],"predecessor-version":[{"id":15307,"href":"https:\/\/www.aerogolf.it\/index.php\/wp-json\/wp\/v2\/pages\/15306\/revisions\/15307"}],"wp:attachment":[{"href":"https:\/\/www.aerogolf.it\/index.php\/wp-json\/wp\/v2\/media?parent=15306"}],"curies":[{"name":"wp","href":"https:\/\/api.w.org\/{rel}","templated":true}]}}