{"id":19409,"date":"2023-03-11T15:36:36","date_gmt":"2023-03-11T14:36:36","guid":{"rendered":"https:\/\/www.aerogolf.it\/?page_id=19409"},"modified":"2023-03-11T15:45:20","modified_gmt":"2023-03-11T14:45:20","slug":"regolamento-divinamente-golfiste-ranking-2023","status":"publish","type":"page","link":"https:\/\/www.aerogolf.it\/index.php\/regolamento-divinamente-golfiste-ranking-2023\/","title":{"rendered":"Regolamento Divinamente Golfiste Ranking 2023"},"content":{"rendered":"<p>[vc_row][vc_column][vc_column_text]<span class=\"medium-text\"><strong>\u201cDivinamente Golfiste\u201d Ranking 2023<\/strong><\/span><br \/>\n<span class=\"medium-text\">Circuito di 3 gare con finale riservato alle donne.<\/span><\/p>\n<p><span class=\"medium-text\"><strong>Partecipazione<\/strong><\/span><br \/>\n<span class=\"medium-text\">Possono partecipare al <strong><em>\u201c<\/em><\/strong><strong>Divinamente Golfiste<\/strong><strong><em>\u201d<\/em><\/strong> tutte le giocatrici tesserate FIG.<\/span><\/p>\n<p><span class=\"medium-text\"><strong>Formula di gioco<\/strong><\/span><br \/>\n<span class=\"medium-text\">Gare 18 buche stableford, con handicap, tre categorie femminili in accordo con i circoli ospitanti, normalmente valida per la variazione di handicap. E\u2019 prevista una sola categoria \u201cUomini.\u201d<\/span><br \/>\n<span class=\"medium-text\">Se, per qualsiasi motivo, il giro convenzionale non potr\u00e0 essere terminato, i premi saranno assegnati in base ai risultati riportati nelle prime nove buche.<\/span><br \/>\n<span class=\"medium-text\">Course Handicap limitato a 36.<\/span><br \/>\n<span class=\"medium-text\">Si applicheranno le regole del Royal Ancient Golf Club di St. Andrews, secondo l\u2019Hard Card FIG e le regole locali del circolo ospitante.<\/span><\/p>\n<p><span class=\"medium-text\"><strong>Tappe del Circuito<\/strong><\/span><\/p>\n<ol>\n<li><span class=\"medium-text\">Acquasanta\u00a0 \u00a0 \u00a0 \u00a0 \u00a0 \u00a0 \u00a0 \u00a0 \u00a0 \u00a008\/03\/2023<\/span><\/li>\n<li><span class=\"medium-text\">Olgiata\u00a0 \u00a0 \u00a0 \u00a0 \u00a0 \u00a0 \u00a0 \u00a0 \u00a0 \u00a0 \u00a0 \u00a0 \u00a0 \u00a014\/05\/2023<\/span><\/li>\n<li><span class=\"medium-text\">Nazionale\u00a0 \u00a0 \u00a0 \u00a0 \u00a0 \u00a0 \u00a0 \u00a0 \u00a0 \u00a0 \u00a0 \u00a015\/10\/2023<\/span><\/li>\n<li><span class=\"medium-text\">Riviera Golf Resort\u00a0 \u00a0 \u00a0 \u00a0 \u00a026\/11\/2023\u00a0\u00a0 FINALE NAZIONALE<\/span><\/li>\n<\/ol>\n<p><span class=\"medium-text\"><strong>\u201cDivinamente Golfiste Ranking 2023<\/strong><strong><em>\u201d<\/em><\/strong><\/span><br \/>\n<span class=\"medium-text\">In base alla posizione nella classifica generale <em>ladies <\/em>unica netta di ciascuna tappa verr\u00e0 creata una classifica assegnando dei FIORI, come segue:<\/span>[\/vc_column_text][vc_row_inner][vc_column_inner width=&#8221;1\/2&#8243;][vc_column_text]<span class=\"medium-text\">1\u00b0 Classificata:\u00a0\u00a0\u00a0\u00a0\u00a0\u00a0\u00a0 500 fiori<\/span><br \/>\n<span class=\"medium-text\">2\u00b0 Classificata: \u00a0\u00a0\u00a0\u00a0\u00a0\u00a0 470 fiori<\/span><br \/>\n<span class=\"medium-text\">3\u00b0 Classificata: \u00a0\u00a0\u00a0\u00a0\u00a0\u00a0 440 fiori<\/span><br \/>\n<span class=\"medium-text\">4\u00b0 Classificata: \u00a0\u00a0\u00a0\u00a0\u00a0\u00a0 410 fiori<\/span><br \/>\n<span class=\"medium-text\">5\u00b0 Classificata:\u00a0\u00a0\u00a0\u00a0\u00a0\u00a0\u00a0 380 fiori<\/span><br \/>\n<span class=\"medium-text\">6\u00b0 Classificata: \u00a0\u00a0\u00a0\u00a0\u00a0\u00a0 360 fiori<\/span><br \/>\n<span class=\"medium-text\">7\u00b0 Classificata: \u00a0\u00a0\u00a0\u00a0\u00a0\u00a0 340 fiori<\/span><br \/>\n<span class=\"medium-text\">8\u00b0 Classificata: \u00a0\u00a0\u00a0\u00a0\u00a0\u00a0 320 fiori<\/span><br \/>\n<span class=\"medium-text\">9\u00b0 Classificata: \u00a0\u00a0\u00a0\u00a0\u00a0\u00a0 300 fiori<\/span><br \/>\n<span class=\"medium-text\">10\u00b0 Classificata: \u00a0\u00a0\u00a0\u00a0 280 fiori<\/span>[\/vc_column_text][\/vc_column_inner][vc_column_inner width=&#8221;1\/2&#8243;][vc_column_text]<span class=\"medium-text\">11\u00b0 Classificata: \u00a0\u00a0\u00a0\u00a0 270 fiori<\/span><br \/>\n<span class=\"medium-text\">12\u00b0 Classificata: \u00a0\u00a0\u00a0\u00a0 260 fiori<\/span><br \/>\n<span class=\"medium-text\">13\u00b0 Classificata: \u00a0\u00a0\u00a0\u00a0 250 fiori<\/span><br \/>\n<span class=\"medium-text\">14\u00b0 Classificata: \u00a0\u00a0\u00a0\u00a0 240 fiori<\/span><br \/>\n<span class=\"medium-text\">15\u00b0 Classificata: \u00a0\u00a0\u00a0\u00a0 230 fiori<\/span><br \/>\n<span class=\"medium-text\">16\u00b0 Classificata: \u00a0\u00a0\u00a0\u00a0 225 fiori<\/span><br \/>\n<span class=\"medium-text\">17\u00b0 Classificata: \u00a0\u00a0\u00a0\u00a0 220 fiori<\/span><br \/>\n<span class=\"medium-text\">18\u00b0 Classificata: \u00a0\u00a0\u00a0\u00a0 215 fiori<\/span><br \/>\n<span class=\"medium-text\">19\u00b0 Classificata: \u00a0\u00a0\u00a0\u00a0 210 fiori<\/span><br \/>\n<span class=\"medium-text\">20\u00b0 Classificata: \u00a0\u00a0\u00a0\u00a0 205 fiori<\/span>[\/vc_column_text][\/vc_column_inner][\/vc_row_inner][vc_column_text]<span class=\"medium-text\">Dal 21\u00b0 Classificata fino all\u2019ultimo partecipante alla gara si procede con l\u2019assegnazione di 1 fiore in meno rispetto alla posizione precedente (quindi 21\u00b0 Classificata: 204 fiori, 22\u00b0 Classificata: 203 fiori, 23\u00b0 Classificata: 202 fiori, ecc.).<\/span><\/p>\n<p><span class=\"medium-text\">Tutti le giocatrici pari merito nella classifica di giornata, prenderanno gli stessi fiori, mentre le classificate nella posizione successiva, avranno classifica e fiori conseguenti, uguali alla posizione precedente sommata al numero di pari merito.<\/span><\/p>\n<p><span class=\"medium-text\">Saranno presi in considerazione i 2 migliori punteggi sulle tappe in calendario.<\/span><\/p>\n<p><span class=\"medium-text\"><strong>FINALE NAZIONALE <\/strong><\/span><\/p>\n<p><span class=\"medium-text\">Saranno ospiti dell\u2019Associazione nella Finale Nazionale del 26 novembre 2023 al Riviera Golf Club, le prime due classificate del ranking.<\/span><\/p>\n<p><span class=\"medium-text\">In caso di parit\u00e0 verranno considerati i migliori risultati scartati. Se le giocatrici saranno ancora in parit\u00e0 dopo la verifica degli scarti la posizione verr\u00e0 decisa dal sorteggio<em>. <\/em><\/span><\/p>\n<p><span class=\"medium-text\"><strong>Comitato di Gara<\/strong><\/span><\/p>\n<p><span class=\"medium-text\">Arbitro espressamente designato dal Circolo ospitante e due membri designati dall\u2019AeroGolf.<\/span><\/p>\n<p><span class=\"medium-text\"><strong>Reclami<\/strong><\/span><\/p>\n<p><span class=\"medium-text\">Saranno presi in considerazione i reclami inoltrati per iscritto al Comitato di Gara entro 15 minuti dalla pubblicazione dei risultati ufficiali affissi sulla bacheca di gara. Il Comitato si riserva di dirimere al meglio le situazioni non contemplate da questo regolamento al fine di facilitare un corretto e piacevole svolgimento della gara.<\/span><\/p>\n<p><span class=\"medium-text\"><strong>Annullamenti<\/strong><\/span><\/p>\n<p><span class=\"medium-text\">Il circuito sar\u00e0 valido anche se, per qualsiasi motivo, non saranno disputate tutte le tappe in programma. Il Consiglio dell\u2019AeroGolf si riserva il diritto di apportare variazioni al presente regolamento.<\/span>[\/vc_column_text][\/vc_column][\/vc_row]<\/p>\n","protected":false},"excerpt":{"rendered":"<p>[vc_row][vc_column][vc_column_text]\u201cDivinamente Golfiste\u201d Ranking 2023 Circuito di 3 gare con finale riservato alle donne. Partecipazione Possono partecipare al \u201cDivinamente Golfiste\u201d tutte le giocatrici tesserate FIG. Formula di gioco Gare 18 buche stableford, con handicap, tre categorie femminili in accordo con i circoli ospitanti, normalmente valida per la variazione di handicap. E\u2019 prevista una sola categoria \u201cUomini.\u201d<a class=\"read-more\" href=\"https:\/\/www.aerogolf.it\/index.php\/regolamento-divinamente-golfiste-ranking-2023\/\">Continue reading <i class=\"fa fa-angle-right fa-lg\"><\/i><\/a><\/p>\n","protected":false},"author":1,"featured_media":0,"parent":0,"menu_order":0,"comment_status":"closed","ping_status":"closed","template":"","meta":{"pgc_meta":"","_bbp_topic_count":0,"_bbp_reply_count":0,"_bbp_total_topic_count":0,"_bbp_total_reply_count":0,"_bbp_voice_count":0,"_bbp_anonymous_reply_count":0,"_bbp_topic_count_hidden":0,"_bbp_reply_count_hidden":0,"_bbp_forum_subforum_count":0,"_mi_skip_tracking":false,"_exactmetrics_sitenote_active":false,"_exactmetrics_sitenote_note":"","_exactmetrics_sitenote_category":0,"_monsterinsights_sitenote_active":false,"_monsterinsights_sitenote_note":"","_monsterinsights_sitenote_category":0,"footnotes":""},"class_list":["post-19409","page","type-page","status-publish","hentry"],"pgc_meta":"","_links":{"self":[{"href":"https:\/\/www.aerogolf.it\/index.php\/wp-json\/wp\/v2\/pages\/19409","targetHints":{"allow":["GET"]}}],"collection":[{"href":"https:\/\/www.aerogolf.it\/index.php\/wp-json\/wp\/v2\/pages"}],"about":[{"href":"https:\/\/www.aerogolf.it\/index.php\/wp-json\/wp\/v2\/types\/page"}],"author":[{"embeddable":true,"href":"https:\/\/www.aerogolf.it\/index.php\/wp-json\/wp\/v2\/users\/1"}],"replies":[{"embeddable":true,"href":"https:\/\/www.aerogolf.it\/index.php\/wp-json\/wp\/v2\/comments?post=19409"}],"version-history":[{"count":5,"href":"https:\/\/www.aerogolf.it\/index.php\/wp-json\/wp\/v2\/pages\/19409\/revisions"}],"predecessor-version":[{"id":19414,"href":"https:\/\/www.aerogolf.it\/index.php\/wp-json\/wp\/v2\/pages\/19409\/revisions\/19414"}],"wp:attachment":[{"href":"https:\/\/www.aerogolf.it\/index.php\/wp-json\/wp\/v2\/media?parent=19409"}],"curies":[{"name":"wp","href":"https:\/\/api.w.org\/{rel}","templated":true}]}}