{"id":22884,"date":"2024-10-23T23:21:36","date_gmt":"2024-10-23T21:21:36","guid":{"rendered":"https:\/\/www.aerogolf.it\/index.php\/claudio-moro-preparatore-atletico-copy\/"},"modified":"2025-11-10T16:36:59","modified_gmt":"2025-11-10T15:36:59","slug":"giuliano-polgar-trainer-di-gyrotonic","status":"publish","type":"page","link":"https:\/\/www.aerogolf.it\/index.php\/giuliano-polgar-trainer-di-gyrotonic\/","title":{"rendered":"Giuliano Polgar &#8211; Trainer di Gyrotonic\u00ae"},"content":{"rendered":"<p>[vc_row][vc_column][vc_row_inner][vc_column_inner width=&#8221;1\/3&#8243;][\/vc_column_inner][vc_column_inner width=&#8221;1\/3&#8243;][vc_single_image image=&#8221;22993&#8243; img_size=&#8221;medium&#8221; alignment=&#8221;center&#8221;][\/vc_column_inner][vc_column_inner width=&#8221;1\/3&#8243;][\/vc_column_inner][\/vc_row_inner][vc_row_inner][vc_column_inner width=&#8221;1\/2&#8243;][vc_single_image image=&#8221;25111&#8243; img_size=&#8221;medium&#8221; alignment=&#8221;center&#8221;][\/vc_column_inner][vc_column_inner width=&#8221;1\/2&#8243;][vc_column_text css=&#8221;.vc_custom_1762789016915{margin-top: 70px !important;border-top-width: 50px !important;}&#8221;]<\/p>\n<p style=\"font-weight: 400; text-align: left;\"><strong><span class=\"medium-text\">Trainer di Gyrotonic\u00ae<\/span><\/strong><br \/>\n<strong><span class=\"medium-text\">Trainer di Gyrokinesis\u00ae<\/span><\/strong><br \/>\n<span class=\"medium-text\">Telef: \u202d+39 339 6879033<\/span><br \/>\n<span class=\"medium-text\">E-mail: <span style=\"text-decoration: underline;\"><span style=\"color: #0000ff;\"><a style=\"color: #0000ff; text-decoration: underline;\" href=\"mailto:Giuliano.polgar@gmail.com\">giuliano.polgar@gmail.com<\/a><\/span><\/span><\/span><\/p>\n<p>[\/vc_column_text][\/vc_column_inner][\/vc_row_inner][vc_row_inner][vc_column_inner][vc_column_text]<\/p>\n<p style=\"font-weight: 400;\"><span class=\"medium-text\"><strong>Giuliano Polgar<\/strong> classe \u201975, dal 2007 si \u00e8 innamorato di questo sistema di allenamento fino a farlo diventare, nel <strong>2011 la sua professione<\/strong>.<\/span><\/p>\n<p style=\"font-weight: 400;\"><strong><span class=\"medium-text\">Cos\u2019\u00e8 il Gyrotonic\u00ae?<\/span><\/strong><br \/>\n<span class=\"medium-text\">\u00c8 un sistema di allenamento basato su movimenti multidirezionali per coinvolgere ogni parte del corpo ed esercitare la muscolatura permettendo al corpo di allungarsi e rafforzarsi nello stesso tempo. Si basa su principi chiave di danza, yoga, arti marziali, nuoto, e lo fa attraverso movimenti sferici, con una resistenza costante e senza interruzione. Ogni esercizio \u00e8 accompagnato dalla respirazione, che usata propriamente rigenera il corretto funzionamento del diaframma, lasciando una piacevole sensazione di fluidit\u00e0 e mobilit\u00e0.\u00a0<\/span><br \/>\n<span class=\"medium-text\">Questa speciale disciplina si svolge principalmente su macchinari ideati appositamente per il\u00a0GYROTONIC\u00ae. Gli attrezzi che si utilizzano durante l\u2019allenamento sono pienamente adattabili ai bisogni di ogni corpo e ai diversi livelli di condizione.\u00a0<\/span><br \/>\n<span class=\"medium-text\">Il GYROTONIC\u00ae, grazie alla sua adattabilit\u00e0 ed estrema versatilit\u00e0, non ha alcuna limitazione di et\u00e0, sesso o condizioni di salute. La sua pratica \u00e8 rivolta a tutti. Aiuta a ritrovare il benessere psico-fisico, migliorando la mobilit\u00e0, la postura, la tonicit\u00e0 dei muscoli e regalando una sensazione di energia a tutto il corpo.\u00a0<\/span><\/p>\n<p style=\"font-weight: 400;\"><span class=\"medium-text\">Negli anni, inoltre, ha seguito corsi sulla scoliosi, sul cingolo scapolare, sul cingolo pelvico, su macchinari specifici come la jumping stretching board ecc.\u00a0<\/span><\/p>\n<p style=\"font-weight: 400;\"><span class=\"medium-text\">Nella seconda met\u00e0 del 2019, tramite un suo cliente, che non smetter\u00e0 mai di maledire, <strong>scopre il golf e rimane affascinato<\/strong>.\u00a0<\/span><\/p>\n<p style=\"font-weight: 400;\"><span class=\"medium-text\">Segue il corso <strong>Gyrotonic\u00ae applications for golf<\/strong> di <em>David Rasmussen e Juliu Horvat<\/em> ed inizia ad insegnarlo ai suoi allievi osservando come aumentino le loro distanze e la loro stabilit\u00e0 articolare e di conseguenza il piacere di stare in campo.<\/span><\/p>\n<p style=\"font-weight: 400;\"><span class=\"medium-text\"><strong>Lezioni private<\/strong> di 50\/60 minuti personalizzate in base alle possibilit\u00e0, agli obiettivi e alle caratteristiche di ogni singolo cliente.<\/span><\/p>\n<p><span class=\"medium-text\">Appuntamenti, previo appuntamento, negli studi di :<\/span><\/p>\n<ul>\n<li><span class=\"medium-text\">Lungotevere Flaminio<\/span><\/li>\n<li><span class=\"medium-text\">Club House Parco de&#8217; Medici Golf Club<\/span><\/li>\n<\/ul>\n<p style=\"font-weight: 400;\"><span class=\"medium-text\"><strong>Agevolazioni per i Soci AeroGolf<\/strong>: <\/span><br \/>\n<span class=\"medium-text\">&#8211; lezione di prova gratuita<\/span><br \/>\n<span class=\"medium-text\">&#8211; possibilit\u00e0 di lezioni in coppia<\/span><br \/>\n<span class=\"medium-text\">&#8211; pacchetto da 10 lezioni con in omaggio l&#8217;undicesima lezione.<\/span><b><\/b><\/p>\n<p>[\/vc_column_text][\/vc_column_inner][\/vc_row_inner][\/vc_column][\/vc_row]<\/p>\n","protected":false},"excerpt":{"rendered":"<p>[vc_row][vc_column][vc_row_inner][vc_column_inner width=&#8221;1\/3&#8243;][\/vc_column_inner][vc_column_inner width=&#8221;1\/3&#8243;][vc_single_image image=&#8221;22993&#8243; img_size=&#8221;medium&#8221; alignment=&#8221;center&#8221;][\/vc_column_inner][vc_column_inner width=&#8221;1\/3&#8243;][\/vc_column_inner][\/vc_row_inner][vc_row_inner][vc_column_inner width=&#8221;1\/2&#8243;][vc_single_image image=&#8221;25111&#8243; img_size=&#8221;medium&#8221; alignment=&#8221;center&#8221;][\/vc_column_inner][vc_column_inner width=&#8221;1\/2&#8243;][vc_column_text css=&#8221;.vc_custom_1762789016915{margin-top: 70px !important;border-top-width: 50px !important;}&#8221;] Trainer di Gyrotonic\u00ae Trainer di Gyrokinesis\u00ae Telef: \u202d+39 339 6879033 E-mail: giuliano.polgar@gmail.com [\/vc_column_text][\/vc_column_inner][\/vc_row_inner][vc_row_inner][vc_column_inner][vc_column_text] Giuliano Polgar classe \u201975, dal 2007 si \u00e8 innamorato di questo sistema di allenamento fino a farlo diventare, nel 2011 la sua professione. Cos\u2019\u00e8 il<a class=\"read-more\" href=\"https:\/\/www.aerogolf.it\/index.php\/giuliano-polgar-trainer-di-gyrotonic\/\">Continue reading <i class=\"fa fa-angle-right fa-lg\"><\/i><\/a><\/p>\n","protected":false},"author":1,"featured_media":0,"parent":0,"menu_order":0,"comment_status":"closed","ping_status":"closed","template":"","meta":{"pgc_meta":"","_bbp_topic_count":0,"_bbp_reply_count":0,"_bbp_total_topic_count":0,"_bbp_total_reply_count":0,"_bbp_voice_count":0,"_bbp_anonymous_reply_count":0,"_bbp_topic_count_hidden":0,"_bbp_reply_count_hidden":0,"_bbp_forum_subforum_count":0,"_mi_skip_tracking":false,"_exactmetrics_sitenote_active":false,"_exactmetrics_sitenote_note":"","_exactmetrics_sitenote_category":0,"_monsterinsights_sitenote_active":false,"_monsterinsights_sitenote_note":"","_monsterinsights_sitenote_category":0,"footnotes":""},"class_list":["post-22884","page","type-page","status-publish","hentry"],"pgc_meta":"","_links":{"self":[{"href":"https:\/\/www.aerogolf.it\/index.php\/wp-json\/wp\/v2\/pages\/22884","targetHints":{"allow":["GET"]}}],"collection":[{"href":"https:\/\/www.aerogolf.it\/index.php\/wp-json\/wp\/v2\/pages"}],"about":[{"href":"https:\/\/www.aerogolf.it\/index.php\/wp-json\/wp\/v2\/types\/page"}],"author":[{"embeddable":true,"href":"https:\/\/www.aerogolf.it\/index.php\/wp-json\/wp\/v2\/users\/1"}],"replies":[{"embeddable":true,"href":"https:\/\/www.aerogolf.it\/index.php\/wp-json\/wp\/v2\/comments?post=22884"}],"version-history":[{"count":15,"href":"https:\/\/www.aerogolf.it\/index.php\/wp-json\/wp\/v2\/pages\/22884\/revisions"}],"predecessor-version":[{"id":25118,"href":"https:\/\/www.aerogolf.it\/index.php\/wp-json\/wp\/v2\/pages\/22884\/revisions\/25118"}],"wp:attachment":[{"href":"https:\/\/www.aerogolf.it\/index.php\/wp-json\/wp\/v2\/media?parent=22884"}],"curies":[{"name":"wp","href":"https:\/\/api.w.org\/{rel}","templated":true}]}}