{"id":25596,"date":"2025-12-24T16:03:11","date_gmt":"2025-12-24T15:03:11","guid":{"rendered":"https:\/\/www.aerogolf.it\/index.php\/korineum-golf-beach-resort-copy\/"},"modified":"2025-12-24T16:54:37","modified_gmt":"2025-12-24T15:54:37","slug":"golf-tour-experience","status":"publish","type":"page","link":"https:\/\/www.aerogolf.it\/index.php\/golf-tour-experience\/","title":{"rendered":"GOLF TOUR EXPERIENCE"},"content":{"rendered":"<p>[vc_row][vc_column][vc_row_inner][vc_column_inner width=&#8221;1\/6&#8243;][\/vc_column_inner][vc_column_inner width=&#8221;2\/6&#8243;][vc_single_image image=&#8221;25598&#8243; img_size=&#8221;medium&#8221; alignment=&#8221;center&#8221; onclick=&#8221;custom_link&#8221; link=&#8221;https:\/\/www.golftourexperience.com\/&#8221;][\/vc_column_inner][vc_column_inner width=&#8221;2\/6&#8243;][vc_column_text css=&#8221;.vc_custom_1766591303199{margin-top: 20px !important;}&#8221;]<\/p>\n<p style=\"text-align: left;\"><span style=\"font-size: 12pt;\">HONEY TRAVEL SAS di Galeano Francesca<\/span><br \/>\n<span style=\"font-size: 12pt;\">Via V Maggio 1, Milano<\/span><br \/>\n<span style=\"font-size: 12pt;\">Telefono : +39 02 39005170<\/span><span style=\"font-family: helvetica, arial, sans-serif; font-size: 12pt;\"><br \/>\nE-mail : <span style=\"text-decoration: underline; color: #0000ff;\"><a style=\"color: #0000ff; text-decoration: underline;\" href=\"info@golftourexperience.com\">info@golftourexperience.com<\/a><\/span><br \/>\n<\/span><span style=\"font-size: 12pt;\">Sito Internet: <span style=\"text-decoration: underline;\"><span style=\"color: #0000ff;\"><a style=\"color: #0000ff; text-decoration: underline;\" href=\"https:\/\/www.golftourexperience.com\/index.php\/it\">www.golftourexperience.com<\/a><\/span><\/span><\/span><br \/>\n<span style=\"font-size: 10pt; font-family: helvetica, arial, sans-serif;\"><span class=\"medium-text\"><span class=\"medium-text\"><br \/>\n<\/span><\/span><\/span><\/p>\n<p>[\/vc_column_text][\/vc_column_inner][vc_column_inner width=&#8221;1\/6&#8243;][\/vc_column_inner][\/vc_row_inner][\/vc_column][\/vc_row][vc_row][vc_column width=&#8221;1\/4&#8243;][\/vc_column][vc_column width=&#8221;1\/2&#8243;][vc_single_image image=&#8221;25599&#8243; img_size=&#8221;large&#8221; alignment=&#8221;center&#8221; onclick=&#8221;custom_link&#8221; link=&#8221;https:\/\/www.golftourexperience.com\/index.php\/it&#8221;][\/vc_column][vc_column width=&#8221;1\/4&#8243;][\/vc_column][\/vc_row][vc_row][vc_column][vc_column_text css=&#8221;.vc_custom_1766589707203{margin-top: 20px !important;}&#8221;]<\/p>\n<p style=\"text-align: justify;\"><span style=\"font-size: 12pt;\"><strong>Golf Tour Experience<\/strong> \u00e8 un tour operator con sede a Milano, specializzato in viaggi golf <\/span><span style=\"font-size: 12pt;\">con esperienze uniche sia in Italia, combinando cibi e bevande deliziosi, che all&#8217;estero, con destinazioni suggestive e campi da golf di prim&#8217;ordine.<\/span><\/p>\n<p><span style=\"font-size: 12pt;\">La passione per questo sport e l&#8217;esperienza decennale nei viaggi, permettono di offrire pacchetti di viaggio unici a soddisfare qualsiasi esigenza e viaggi di golf su misura per accontentare ogni golfista.<\/span><\/p>\n<p style=\"text-align: justify;\"><span style=\"font-size: 12pt;\">Sia che siano viaggi in solitaria, con la famiglia, con amici o colleghi, le richieste e aspettative di viaggio saranno trasformate in un&#8217;esperienza straordinaria che non si dimenticher\u00e0 presto.<\/span><\/p>\n<p>[\/vc_column_text][\/vc_column][\/vc_row][vc_row][vc_column width=&#8221;2\/6&#8243;][vc_single_image image=&#8221;25601&#8243; img_size=&#8221;medium&#8221; alignment=&#8221;center&#8221; onclick=&#8221;custom_link&#8221; link=&#8221;https:\/\/www.golftourexperience.com\/index.php\/it&#8221;][\/vc_column][vc_column width=&#8221;3\/6&#8243;][vc_column_text css=&#8221;.vc_custom_1766591385447{margin-top: 20px !important;}&#8221;]<\/p>\n<h6 style=\"text-align: justify;\"><span style=\"font-size: 18pt;\"><strong>DESTINAZIONI :<\/strong><\/span><\/h6>\n<ul>\n<li><span style=\"text-decoration: underline; color: #0000ff;\"><a style=\"color: #0000ff;\" href=\"https:\/\/www.golftourexperience.com\/index.php\/it\/destinations\/europa\"><span style=\"font-size: 14pt;\">EUROPA<\/span><\/a><\/span><\/li>\n<li><span style=\"text-decoration: underline; color: #0000ff;\"><a style=\"color: #0000ff;\" href=\"https:\/\/www.golftourexperience.com\/index.php\/it\/destinations\/medio-oriente\"><span style=\"font-size: 14pt;\">MEDIO ORIENTE<\/span><\/a><\/span><\/li>\n<li><a href=\"https:\/\/www.golftourexperience.com\/index.php\/it\/destinations\/africa\"><span style=\"text-decoration: underline;\"><span style=\"font-size: 14pt; color: #0000ff; text-decoration: underline;\">AFRICA<\/span><\/span><\/a><\/li>\n<li><a href=\"https:\/\/www.golftourexperience.com\/index.php\/it\/destinations\/asia\"><span style=\"text-decoration: underline;\"><span style=\"font-size: 14pt; color: #0000ff; text-decoration: underline;\">ASIA<\/span><\/span><\/a><\/li>\n<li><a href=\"https:\/\/www.golftourexperience.com\/index.php\/it\/destinations\/americhe\"><span style=\"text-decoration: underline; color: #0000ff;\"><span style=\"font-size: 14pt;\">AMERICHE<\/span><\/span><\/a><\/li>\n<\/ul>\n<p>[\/vc_column_text][\/vc_column][vc_column width=&#8221;1\/6&#8243;][\/vc_column][\/vc_row][vc_row][vc_column width=&#8221;4\/6&#8243;][vc_column_text]<\/p>\n<div class=\"layout-element layout-element--layout layout-element transition transition--slide\" data-v-4edbe80f=\"\" data-qa=\"layout-element-wrapper:zbiknf\" data-animation-state=\"active\">\n<div id=\"zbiKnF\" class=\"text-box layout-element__component layout-element__component--GridTextBox\" data-v-4edbe80f=\"\" data-qa=\"gridtextbox:zbiknf\">\n<div class=\"text-rich-text w-richtext\">\n<h6 style=\"text-align: justify;\"><span style=\"font-size: 18pt;\"><b>LA FONDATRICE<\/b><\/span><\/h6>\n<p style=\"text-align: justify;\"><span style=\"font-size: 12pt;\">&#8230; e TITOLARE di <strong>Golf Tour Experience<\/strong> \u00e8 <em>Francesca Galeano<\/em> che vanta una esperienza di pi\u00f9 di 22 anni nel settore, una professionalit\u00e0 unica e una grande passione per quello che lei stessa giudica lo sport pi\u00f9 bello e nobile del mondo. <\/span><\/p>\n<p style=\"text-align: justify;\"><span style=\"font-size: 12pt;\">Gestisce ogni ogni itinerario come se fosse il suo e non lascia mai solo il cliente con una grande capacit\u00e0 di risolvere qualsiasi imprevisto dovesse insorgere.<\/span><\/p>\n<p style=\"text-align: justify;\"><span style=\"font-size: 12pt;\"><strong>Il motto dell&#8217;agenzia Golf Tour Experience \u00e8 &#8220;non dire mai di NO&#8221; <\/strong>coscienti di potersi organizzare al meglio per ogni tipo di <strong>evento<\/strong>, modificando o <strong>disegnando <\/strong>ogni itinerario a seconda delle esigenze, prendendosi anche cura degli accompagnatori, coccolandoli, mentre i golfisti si misurera con i pi\u00f9 bei campi da golf in giro per il mondo.<\/span><\/p>\n<p style=\"text-align: justify;\"><span style=\"font-size: 12pt;\">Se poi si preferisce conoscerla sul campo da golf : sar\u00e0 felice di giocare 18 buche, raccontando del meraviglioso paese in cui \u00e8 nata.<\/span><\/p>\n<\/div>\n<\/div>\n<\/div>\n<p>[\/vc_column_text][\/vc_column][vc_column width=&#8221;2\/6&#8243;][vc_single_image image=&#8221;25602&#8243; alignment=&#8221;center&#8221; onclick=&#8221;custom_link&#8221; link=&#8221;https:\/\/www.golftourexperience.com\/index.php\/it&#8221;][\/vc_column][\/vc_row][vc_row][vc_column][vc_separator][\/vc_column][\/vc_row][vc_row][vc_column][vc_column_text]<\/p>\n<p style=\"text-align: justify;\"><em><span style=\"font-size: 12pt;\">AeroGolf ringrazia <strong>Golt Tour Experience<\/strong> per il continuo supporto e collaborazione nei viaggi associativi e per essere <strong>TITLE SPONSOR<\/strong> della <strong>Golf Tour Experience Cup<\/strong> in programma il <strong>19 aprile 2026<\/strong> al <strong>Circolo del Golf Roma Acquasanta<\/strong><\/span><span style=\"font-size: 12pt;\"><strong>. <\/strong>Grazie !<\/span><\/em><\/p>\n<p>[\/vc_column_text][vc_empty_space][\/vc_column][\/vc_row]<\/p>\n","protected":false},"excerpt":{"rendered":"<p>[vc_row][vc_column][vc_row_inner][vc_column_inner width=&#8221;1\/6&#8243;][\/vc_column_inner][vc_column_inner width=&#8221;2\/6&#8243;][vc_single_image image=&#8221;25598&#8243; img_size=&#8221;medium&#8221; alignment=&#8221;center&#8221; onclick=&#8221;custom_link&#8221; link=&#8221;https:\/\/www.golftourexperience.com\/&#8221;][\/vc_column_inner][vc_column_inner width=&#8221;2\/6&#8243;][vc_column_text css=&#8221;.vc_custom_1766591303199{margin-top: 20px !important;}&#8221;] HONEY TRAVEL SAS di Galeano Francesca Via V Maggio 1, Milano Telefono : +39 02 39005170 E-mail : info@golftourexperience.com Sito Internet: www.golftourexperience.com [\/vc_column_text][\/vc_column_inner][vc_column_inner width=&#8221;1\/6&#8243;][\/vc_column_inner][\/vc_row_inner][\/vc_column][\/vc_row][vc_row][vc_column width=&#8221;1\/4&#8243;][\/vc_column][vc_column width=&#8221;1\/2&#8243;][vc_single_image image=&#8221;25599&#8243; img_size=&#8221;large&#8221; alignment=&#8221;center&#8221; onclick=&#8221;custom_link&#8221; link=&#8221;https:\/\/www.golftourexperience.com\/index.php\/it&#8221;][\/vc_column][vc_column width=&#8221;1\/4&#8243;][\/vc_column][\/vc_row][vc_row][vc_column][vc_column_text css=&#8221;.vc_custom_1766589707203{margin-top: 20px !important;}&#8221;] Golf Tour Experience \u00e8 un tour operator con<a class=\"read-more\" href=\"https:\/\/www.aerogolf.it\/index.php\/golf-tour-experience\/\">Continue reading <i class=\"fa fa-angle-right fa-lg\"><\/i><\/a><\/p>\n","protected":false},"author":1,"featured_media":0,"parent":0,"menu_order":0,"comment_status":"closed","ping_status":"closed","template":"","meta":{"pgc_meta":"","_bbp_topic_count":0,"_bbp_reply_count":0,"_bbp_total_topic_count":0,"_bbp_total_reply_count":0,"_bbp_voice_count":0,"_bbp_anonymous_reply_count":0,"_bbp_topic_count_hidden":0,"_bbp_reply_count_hidden":0,"_bbp_forum_subforum_count":0,"_mi_skip_tracking":false,"_exactmetrics_sitenote_active":false,"_exactmetrics_sitenote_note":"","_exactmetrics_sitenote_category":0,"_monsterinsights_sitenote_active":false,"_monsterinsights_sitenote_note":"","_monsterinsights_sitenote_category":0,"footnotes":""},"class_list":["post-25596","page","type-page","status-publish","hentry"],"pgc_meta":"","_links":{"self":[{"href":"https:\/\/www.aerogolf.it\/index.php\/wp-json\/wp\/v2\/pages\/25596","targetHints":{"allow":["GET"]}}],"collection":[{"href":"https:\/\/www.aerogolf.it\/index.php\/wp-json\/wp\/v2\/pages"}],"about":[{"href":"https:\/\/www.aerogolf.it\/index.php\/wp-json\/wp\/v2\/types\/page"}],"author":[{"embeddable":true,"href":"https:\/\/www.aerogolf.it\/index.php\/wp-json\/wp\/v2\/users\/1"}],"replies":[{"embeddable":true,"href":"https:\/\/www.aerogolf.it\/index.php\/wp-json\/wp\/v2\/comments?post=25596"}],"version-history":[{"count":14,"href":"https:\/\/www.aerogolf.it\/index.php\/wp-json\/wp\/v2\/pages\/25596\/revisions"}],"predecessor-version":[{"id":25614,"href":"https:\/\/www.aerogolf.it\/index.php\/wp-json\/wp\/v2\/pages\/25596\/revisions\/25614"}],"wp:attachment":[{"href":"https:\/\/www.aerogolf.it\/index.php\/wp-json\/wp\/v2\/media?parent=25596"}],"curies":[{"name":"wp","href":"https:\/\/api.w.org\/{rel}","templated":true}]}}