{"id":9779,"date":"2020-02-19T21:00:22","date_gmt":"2020-02-19T20:00:22","guid":{"rendered":"https:\/\/www.aerogolf.it\/?page_id=9779"},"modified":"2021-07-12T19:12:48","modified_gmt":"2021-07-12T17:12:48","slug":"ladies-golf-cup-regolamento-simultanea-di-scacchi","status":"publish","type":"page","link":"https:\/\/www.aerogolf.it\/index.php\/ladies-golf-cup-regolamento-simultanea-di-scacchi\/","title":{"rendered":"Ladies Golf Cup: regolamento simultanea di scacchi"},"content":{"rendered":"<p>[vc_row][vc_column][vc_row_inner][vc_column_inner][vc_single_image image=&#8221;13535&#8243; img_size=&#8221;full&#8221; alignment=&#8221;center&#8221; onclick=&#8221;custom_link&#8221; link=&#8221;https:\/\/www.aerogolf.it\/index.php\/ladies-golf-cup-by-tuttotondo\/&#8221;][vc_column_text][\/vc_column_text][\/vc_column_inner][\/vc_row_inner][vc_column_text]<\/p>\n<p style=\"text-align: center;\"><span class=\"medium-text\"><strong>REGOLAMENTO SIMULTANEA DI SCACCHI<\/strong><\/span><\/p>\n<p style=\"text-align: justify;\"><span class=\"medium-text\">Le regole che disciplinano lo svolgimento delle esibizioni in simultanea sono le seguenti:<\/span><\/p>\n<ol>\n<li style=\"text-align: justify;\"><span class=\"medium-text\">Il Maestro ha il Bianco in tutte le partite;<\/span><\/li>\n<li style=\"text-align: justify;\"><span class=\"medium-text\">Ciascun giocatore partecipante alla simultanea deve eseguire la sua mossa solo quando il Maestro giunge davanti alla sua scacchiera.;<\/span><\/li>\n<li style=\"text-align: justify;\"><span class=\"medium-text\">All&#8217;occasione il giocatore pu\u00f2, quando il Maestro \u00e8 ancora davanti alla sua scacchiera, effettuare una o pi\u00f9 mosse successive a condizione che egli risponda immediatamente alle mosse del Maestro;<\/span><\/li>\n<li style=\"text-align: justify;\"><span class=\"medium-text\">In casi eccezionali il giocatore pu\u00f2 posporre l&#8217;esecuzione della sua mossa al giro successivo ma solo se vi \u00e8 il consenso previo del Maestro;<\/span><\/li>\n<li style=\"text-align: justify;\"><span class=\"medium-text\">Mentre il Maestro \u00e8 impegnato sulle altre scacchiere il giocatore non pu\u00f2 toccare o muovere i pezzi della sua scacchiera;<\/span><\/li>\n<li style=\"text-align: justify;\"><span class=\"medium-text\">Il giocatore non pu\u00f2 ritirare e cambiare la mossa che ha effettuato. Per il Maestro che tiene<span style=\"font-size: small;\">\u00a0<\/span><\/span><span class=\"medium-text\">l&#8217;esibizione, invece, una mossa non \u00e8 considerata definitivamente giocata se non quando il Maestro ha lasciato la scacchiera ed ha giocato la mossa sulla scacchiera successiva;<\/span><\/li>\n<li style=\"text-align: justify;\"><span class=\"medium-text\">E&#8217; opportuno che ciascun giocatore trascriva le mosse della partita sul modulo apposito.<\/span><\/li>\n<\/ol>\n<p>[\/vc_column_text][\/vc_column][\/vc_row]<\/p>\n","protected":false},"excerpt":{"rendered":"<p>[vc_row][vc_column][vc_row_inner][vc_column_inner][vc_single_image image=&#8221;13535&#8243; img_size=&#8221;full&#8221; alignment=&#8221;center&#8221; onclick=&#8221;custom_link&#8221; link=&#8221;https:\/\/www.aerogolf.it\/index.php\/ladies-golf-cup-by-tuttotondo\/&#8221;][vc_column_text][\/vc_column_text][\/vc_column_inner][\/vc_row_inner][vc_column_text] REGOLAMENTO SIMULTANEA DI SCACCHI Le regole che disciplinano lo svolgimento delle esibizioni in simultanea sono le seguenti: Il Maestro ha il Bianco in tutte le partite; Ciascun giocatore partecipante alla simultanea deve eseguire la sua mossa solo quando il Maestro giunge davanti alla sua scacchiera.; All&#8217;occasione il giocatore pu\u00f2,<a class=\"read-more\" href=\"https:\/\/www.aerogolf.it\/index.php\/ladies-golf-cup-regolamento-simultanea-di-scacchi\/\">Continue reading <i class=\"fa fa-angle-right fa-lg\"><\/i><\/a><\/p>\n","protected":false},"author":1,"featured_media":0,"parent":0,"menu_order":0,"comment_status":"closed","ping_status":"closed","template":"","meta":{"pgc_meta":"","_bbp_topic_count":0,"_bbp_reply_count":0,"_bbp_total_topic_count":0,"_bbp_total_reply_count":0,"_bbp_voice_count":0,"_bbp_anonymous_reply_count":0,"_bbp_topic_count_hidden":0,"_bbp_reply_count_hidden":0,"_bbp_forum_subforum_count":0,"_mi_skip_tracking":false,"_exactmetrics_sitenote_active":false,"_exactmetrics_sitenote_note":"","_exactmetrics_sitenote_category":0,"_monsterinsights_sitenote_active":false,"_monsterinsights_sitenote_note":"","_monsterinsights_sitenote_category":0,"footnotes":""},"class_list":["post-9779","page","type-page","status-publish","hentry"],"pgc_meta":"","_links":{"self":[{"href":"https:\/\/www.aerogolf.it\/index.php\/wp-json\/wp\/v2\/pages\/9779","targetHints":{"allow":["GET"]}}],"collection":[{"href":"https:\/\/www.aerogolf.it\/index.php\/wp-json\/wp\/v2\/pages"}],"about":[{"href":"https:\/\/www.aerogolf.it\/index.php\/wp-json\/wp\/v2\/types\/page"}],"author":[{"embeddable":true,"href":"https:\/\/www.aerogolf.it\/index.php\/wp-json\/wp\/v2\/users\/1"}],"replies":[{"embeddable":true,"href":"https:\/\/www.aerogolf.it\/index.php\/wp-json\/wp\/v2\/comments?post=9779"}],"version-history":[{"count":5,"href":"https:\/\/www.aerogolf.it\/index.php\/wp-json\/wp\/v2\/pages\/9779\/revisions"}],"predecessor-version":[{"id":13622,"href":"https:\/\/www.aerogolf.it\/index.php\/wp-json\/wp\/v2\/pages\/9779\/revisions\/13622"}],"wp:attachment":[{"href":"https:\/\/www.aerogolf.it\/index.php\/wp-json\/wp\/v2\/media?parent=9779"}],"curies":[{"name":"wp","href":"https:\/\/api.w.org\/{rel}","templated":true}]}}