{"id":9797,"date":"2020-02-20T22:16:14","date_gmt":"2020-02-20T21:16:14","guid":{"rendered":"https:\/\/www.aerogolf.it\/?page_id=9797"},"modified":"2021-07-15T11:33:59","modified_gmt":"2021-07-15T09:33:59","slug":"ladies-golf-cup-torneo-di-biliardo-sportivo","status":"publish","type":"page","link":"https:\/\/www.aerogolf.it\/index.php\/ladies-golf-cup-torneo-di-biliardo-sportivo\/","title":{"rendered":"Ladies Golf Cup: esibizione di biliardo sportivo"},"content":{"rendered":"<p>[vc_row][vc_column][vc_single_image image=&#8221;13535&#8243; img_size=&#8221;full&#8221; alignment=&#8221;center&#8221; onclick=&#8221;custom_link&#8221; link=&#8221;https:\/\/www.aerogolf.it\/index.php\/ladies-golf-cup-by-tuttotondo\/&#8221;][\/vc_column][\/vc_row][vc_row][vc_column][vc_column_text]<span class=\"medium-text\"><b>Domenica 25 luglio, alle ore 16.00, <\/b>presso il<span style=\"color: #0000ff;\"><b> <a style=\"color: #0000ff; text-decoration: underline;\" href=\"http:\/\/www.golfroma.it\/\">Circolo del Golf Roma Acquasanta<\/a><\/b><\/span><b>, <\/b>AeroGolf e la<span style=\"color: #0000ff;\"><b> <a style=\"color: #0000ff; text-decoration: underline;\" href=\"http:\/\/www.fibislazio.it\">F.I.Bi.S Lazio<\/a><\/b><\/span><b>\u00a0<\/b>ti invitano ad assistere all&#8217;<strong>esibizione\u00a0delle campionesse di biliardo sportivo, nella specialit\u00e0&#8221;specialit\u00e0 pool&#8221;.<\/strong>\u00a0<\/span>[\/vc_column_text][\/vc_column][\/vc_row][vc_row][vc_column width=&#8221;1\/2&#8243;][vc_single_image image=&#8221;9800&#8243; img_size=&#8221;full&#8221; alignment=&#8221;center&#8221;][\/vc_column][vc_column width=&#8221;1\/2&#8243;][vc_single_image image=&#8221;13659&#8243; img_size=&#8221;full&#8221; alignment=&#8221;center&#8221;][\/vc_column][\/vc_row][vc_row][vc_column][vc_column_text]<span class=\"medium-text\"><span style=\"color: #0000ff;\"><a style=\"color: #0000ff;\" href=\"https:\/\/www.aerogolf.it\/index.php\/ladies-golf-cup-cristina-fiori\/\"><u>Cristina Fiori<\/u><\/a><\/span><span style=\"color: #343d3d;\">, campionessa italiana di biliardo sportivo 2015, insieme ad altre giocatrici della F.I.Bi.S Lazio, si esibir\u00e0 in una partita specialit\u00e0 pool. Dopo l&#8217;esibizione chi lo vorr\u00e0 potr\u00e0 giocare con la campionessa.<\/span><\/span><\/p>\n<p><span class=\"medium-text\">Clicca <a href=\"https:\/\/www.aerogolf.it\/index.php\/test_reg\/\"><span style=\"color: #0000ff;\"><u><b>QUI<\/b><\/u><\/span><\/a><span style=\"color: #0000cd;\"><b>\u00a0<\/b><\/span>per registrarti e seleziona la voce &#8220;biliardo&#8221;.<\/span>[\/vc_column_text][\/vc_column][\/vc_row][vc_row][vc_column][vc_separator][\/vc_column][\/vc_row][vc_row][vc_column][vc_column_text]<span class=\"medium-text\"><strong>QUALI CAPACIT\u00c0 SVILUPPA LO SPORT DEL BILIARDO?<\/strong><\/span><\/p>\n<p><span class=\"medium-text\">Nelle sue varie specialit\u00e0 lo sport del biliardo richiede <strong>temperamento, equilibrio psico-fisico, intelligenza ed autocontrollo neuro-muscolare<\/strong>. Lo sport del Biliardo pu\u00f2 avere: fini ricreativi (distrae e diverte); fini educativi (<strong>favorisce il movimento e la psicomotricit\u00e0<\/strong>); fini agonistici (competizioni individuali e di squadra); fini professionistici. <\/span><\/p>\n<p><span class=\"medium-text\">Nel biliardo la tecnica \u00e8 fondamentale, cos\u00ec come la <strong>tattica <\/strong>e, soprattutto, la <strong>strategia<\/strong>.<\/span><\/p>\n<p><span class=\"medium-text\">Per giocare a biliardo \u00e8 fondamentale avere:<\/span><\/p>\n<p><span class=\"medium-text\">&#8211;\u00a0\u00a0\u00a0\u00a0\u00a0 volont\u00e0 di perseguire la vittoria<\/span><br \/>\n<span class=\"medium-text\">&#8211;\u00a0\u00a0\u00a0\u00a0\u00a0 tenacia, perch\u00e9 il talento e la capacit\u00e0 non portano alla vittoria senza la perseveranza<\/span><br \/>\n<span class=\"medium-text\">&#8211;\u00a0\u00a0\u00a0\u00a0\u00a0 autostima, la sicurezza in s\u00e9 stessi per perseguire la vittoria finale<\/span><br \/>\n<span class=\"medium-text\">&#8211;\u00a0\u00a0\u00a0\u00a0\u00a0 calma, la perdita di controllo pu\u00f2 incidere negativamente sul tiro<\/span><br \/>\n<span class=\"medium-text\">&#8211;\u00a0\u00a0\u00a0\u00a0\u00a0 accettazione dell\u2019errore, non concentrarsi sullo sbaglio, bens\u00ec focalizzarsi sul portare avanti la partita<\/span><br \/>\n<span class=\"medium-text\">&#8211;\u00a0\u00a0\u00a0\u00a0\u00a0 scioltezza, per giocare con la giusta attivazione corporea e mentale senza ostacolare la prestazione<\/span><br \/>\n<span class=\"medium-text\">&#8211;\u00a0\u00a0\u00a0\u00a0\u00a0 modestia e umilt\u00e0, per non sottovalutare mai l\u2019avversario<\/span><br \/>\n<span class=\"medium-text\">&#8211;\u00a0\u00a0\u00a0\u00a0\u00a0 capacit\u00e0 di autoanalisi, per sviluppare la giusta tattica di gioco.<\/span><\/p>\n<p><span class=\"medium-text\"><strong>Il giocatore di biliardo \u00e8 solo, si cimenta con s\u00e9 stesso, deve scegliere il tiro, realizzare il punto, costruire la serie, ci\u00f2 lo obbliga a sviluppare equilibrio e raziocinio.<\/strong> I grandi campioni di biliardo sono in grado di trovare il colpo (la mossa) migliore e ci\u00f2 gli permette di \u201cprevedere\u201d ci\u00f2 che succede due o tre colpi (mosse) dopo. Questa capacit\u00e0 di calcolare lo sviluppo della partita permetter\u00e0 al giocatore di biliardo di scegliere quei colpi che, in prospettiva della risposta dell\u2019avversario, lo porteranno ad una posizione delle biglie pi\u00f9 congeniale al proprio gioco sempre in difesa, rinunciando ai facili punti pur di mettere in difficolt\u00e0 l\u2019avversario, o attaccare, se possibile.<\/span><\/p>\n<p><span class=\"medium-text\">Il biliardo agonistico \u00e8 un gioco complesso e assolutamente \u201cestetico\u201d. L\u2019estetica del biliardo pu\u00f2 essere apprezzata anche dal neofita o dal profano che guarda gli oggetti di gioco: il biliardo, il panno verde, le bilie colorate, le stecche di ogni foggia e colore.<\/span><\/p>\n<p><span class=\"medium-text\">Il biliardo inteso come sport \u00e8 una forma di gioco utile per tutti e da praticare, ma anche divertente da vedere. Esso offre la possibilit\u00e0, per spettatori ed appassionati, di proiettarsi ed identificarsi negli atleti in campo.<\/span>[\/vc_column_text][\/vc_column][\/vc_row]<\/p>\n","protected":false},"excerpt":{"rendered":"<p>[vc_row][vc_column][vc_single_image image=&#8221;13535&#8243; img_size=&#8221;full&#8221; alignment=&#8221;center&#8221; onclick=&#8221;custom_link&#8221; link=&#8221;https:\/\/www.aerogolf.it\/index.php\/ladies-golf-cup-by-tuttotondo\/&#8221;][\/vc_column][\/vc_row][vc_row][vc_column][vc_column_text]Domenica 25 luglio, alle ore 16.00, presso il Circolo del Golf Roma Acquasanta, AeroGolf e la F.I.Bi.S Lazio\u00a0ti invitano ad assistere all&#8217;esibizione\u00a0delle campionesse di biliardo sportivo, nella specialit\u00e0&#8221;specialit\u00e0 pool&#8221;.\u00a0[\/vc_column_text][\/vc_column][\/vc_row][vc_row][vc_column width=&#8221;1\/2&#8243;][vc_single_image image=&#8221;9800&#8243; img_size=&#8221;full&#8221; alignment=&#8221;center&#8221;][\/vc_column][vc_column width=&#8221;1\/2&#8243;][vc_single_image image=&#8221;13659&#8243; img_size=&#8221;full&#8221; alignment=&#8221;center&#8221;][\/vc_column][\/vc_row][vc_row][vc_column][vc_column_text]Cristina Fiori, campionessa italiana di biliardo sportivo 2015, insieme ad altre giocatrici della F.I.Bi.S<a class=\"read-more\" href=\"https:\/\/www.aerogolf.it\/index.php\/ladies-golf-cup-torneo-di-biliardo-sportivo\/\">Continue reading <i class=\"fa fa-angle-right fa-lg\"><\/i><\/a><\/p>\n","protected":false},"author":1,"featured_media":0,"parent":0,"menu_order":0,"comment_status":"closed","ping_status":"closed","template":"","meta":{"pgc_meta":"","_bbp_topic_count":0,"_bbp_reply_count":0,"_bbp_total_topic_count":0,"_bbp_total_reply_count":0,"_bbp_voice_count":0,"_bbp_anonymous_reply_count":0,"_bbp_topic_count_hidden":0,"_bbp_reply_count_hidden":0,"_bbp_forum_subforum_count":0,"_mi_skip_tracking":false,"_exactmetrics_sitenote_active":false,"_exactmetrics_sitenote_note":"","_exactmetrics_sitenote_category":0,"_monsterinsights_sitenote_active":false,"_monsterinsights_sitenote_note":"","_monsterinsights_sitenote_category":0,"footnotes":""},"class_list":["post-9797","page","type-page","status-publish","hentry"],"pgc_meta":"","_links":{"self":[{"href":"https:\/\/www.aerogolf.it\/index.php\/wp-json\/wp\/v2\/pages\/9797","targetHints":{"allow":["GET"]}}],"collection":[{"href":"https:\/\/www.aerogolf.it\/index.php\/wp-json\/wp\/v2\/pages"}],"about":[{"href":"https:\/\/www.aerogolf.it\/index.php\/wp-json\/wp\/v2\/types\/page"}],"author":[{"embeddable":true,"href":"https:\/\/www.aerogolf.it\/index.php\/wp-json\/wp\/v2\/users\/1"}],"replies":[{"embeddable":true,"href":"https:\/\/www.aerogolf.it\/index.php\/wp-json\/wp\/v2\/comments?post=9797"}],"version-history":[{"count":22,"href":"https:\/\/www.aerogolf.it\/index.php\/wp-json\/wp\/v2\/pages\/9797\/revisions"}],"predecessor-version":[{"id":9946,"href":"https:\/\/www.aerogolf.it\/index.php\/wp-json\/wp\/v2\/pages\/9797\/revisions\/9946"}],"wp:attachment":[{"href":"https:\/\/www.aerogolf.it\/index.php\/wp-json\/wp\/v2\/media?parent=9797"}],"curies":[{"name":"wp","href":"https:\/\/api.w.org\/{rel}","templated":true}]}}