{"id":9968,"date":"2020-02-25T17:04:22","date_gmt":"2020-02-25T16:04:22","guid":{"rendered":"https:\/\/www.aerogolf.it\/?page_id=9968"},"modified":"2021-07-22T08:25:33","modified_gmt":"2021-07-22T06:25:33","slug":"privacy-evento-7-8-marzo-2020","status":"publish","type":"page","link":"https:\/\/www.aerogolf.it\/index.php\/privacy-evento-7-8-marzo-2020\/","title":{"rendered":"Privacy Evento 24 &#8211; 25 luglio 2021"},"content":{"rendered":"<p style=\"text-align: center;\"><span class=\"medium-text\"><strong>Informazioni obbligatorie in materia di protezione dei dati personali<\/strong><\/span><\/p>\n<p style=\"text-align: center;\"><span class=\"medium-text\"><strong>Artt. 13 e 14 del Regolamento (UE) 2016\/679.<\/strong><\/span><\/p>\n<p style=\"text-align: justify;\">Ai sensi degli articoli artt. 13 e 14 del Regolamento (UE) 2016\/679, AeroGolf Associazione Italiana Golf Piloti e Gente dell\u2019Aria (di seguito \u201cAeroGolf\u201d) con sede in Via Dobbiaco 52 \u2013 00124 \u2013 Roma (RM), e-mail: info@aerogolf.it in qualit\u00e0 di Titolare del trattamento (nel seguito il \u201cTitolare\u201d o \u201cAeroGolf\u201d), anche in nome degli Sponsor nel seguito indicati, Le fornisce, di seguito, l\u2019informativa riguardante il trattamento dei Suoi dati personali, necessari o funzionali alla Sua partecipazione alla gara-evento <em>Ladies Golf Cup by Tuttotondo<\/em>.<\/p>\n<ol style=\"text-align: justify;\">\n<li><strong> \u2013 Natura, fonti dei dati.<\/strong><\/li>\n<\/ol>\n<p style=\"text-align: justify;\"><strong>Dati Personali.<\/strong><\/p>\n<p style=\"text-align: justify;\">Costituiscono, o potranno costituire oggetto di trattamento i Suoi dati personali (ad. es. a titolo esemplificativo e non esaustivo, nome, cognome, indirizzo, numero di telefono, indirizzo e-mail, etc.), da Lei direttamente conferiti ovvero attinti da terzi autorizzati o contenuti in elenchi o albi accessibili dal Titolare, riferibili direttamente od indirettamente alla sua partecipazione alla gara-evento <em>Ladies Golf Cup by Tuttotondo<\/em> (ivi compresi quelli accessori, connessi e strumentali). Sono o potranno costituire altres\u00ec oggetto di trattamento i dati personali dei Suoi familiari, eventualmente minori di et\u00e0. Ove dalla legge previsto, sar\u00e0 di volta in volta richiesto il consenso necessario al relativo trattamento.<\/p>\n<p style=\"text-align: justify;\"><strong>Categorie Particolari di dati.<\/strong><\/p>\n<p style=\"text-align: justify;\">In relazione alla sua partecipazione alla gara-evento <em>Ladies Golf Cup by Tuttotondo<\/em> il trattamento riguarder\u00e0 o potrebbe riguardare, anche con riferimento ai Suoi familiari, dati personali che il Regolamento Generale sulla Protezione dei Dati (UE\/2016\/679) definisce \u201ccategorie particolari di dati personali\u201d, in quanto gli stessi sono idonei a rivelare (a titolo meramente esemplificativo) uno stato di salute.<\/p>\n<p style=\"text-align: justify;\">Il trattamento di tali dati sar\u00e0 effettuato nel rispetto di quanto previsto dall\u2019art. 9 del Regolamento Generale sulla Protezione dei Dati (UE\/2016\/679), ed inoltre, Lei sar\u00e0 previamente informato e messo in condizione \u2013 ove dalla legge previsto \u2013 di esprimere il relativo consenso in forma scritta.<\/p>\n<ol style=\"text-align: justify;\">\n<li><strong> \u2013 Basi giuridiche e finalit\u00e0.<\/strong><\/li>\n<\/ol>\n<p style=\"text-align: justify;\">I Suoi dati personali ed eventualmente quelli dei Suoi familiari, inclusi i dati anagrafici, contabili, sono trattati, a titolo esemplificativo e non esaustivo, ai sensi dell\u2019art. 6 lett. b), c) ed e) GDPR,, vale a dire, adempimento di un contratto o riscontro sue specifiche richieste, interesse legittimo del titolare, assolvimento degli obblighi di legge, per le seguenti:<\/p>\n<p style=\"text-align: justify;\"><strong>a). &#8211; Finalit\u00e0 principali<\/strong>:\u00a0 consentirle la partecipazione alla gara-evento <em>Ladies Golf<\/em> <em>Cup by Tuttotondo<\/em> nonch\u00e9 e all\u2019esecuzione di tutte le attivit\u00e0 connesse, strumentali e necessarie a tale scopo, oltre che al riconoscimento dei benefits, degli sconti e dei premi. In particolare, il trattamento dei dati sar\u00e0 finalizzato allo svolgimento delle attivit\u00e0 di seguito elencate: partecipazione al torneo e gestione delle attivit\u00e0 non esercitabili in forma anonima e necessarie per consentire ai partecipanti la fruizione e il riconoscimento dei benefits e l\u2019accesso agli altri servizi accessori utilizzabili con l\u2019iscrizione.<\/p>\n<p style=\"text-align: justify;\"><strong>b). &#8211; Ulteriori finalit\u00e0<\/strong>. \u2013 svolgimento, previo Suo espresso consenso, di attivit\u00e0 promozionale quali l\u2019invio \u2013 anche tramite e-mail, IM, etc. di materiale promozionale, compresa la newsletter, in relazione alle attivit\u00e0 dell\u2019associazione o dei suoi partner o sponsor,\u00a0 ivi compresi omaggi e campioni gratuiti.<\/p>\n<p style=\"text-align: justify;\"><strong>c). &#8211; Immagine. <\/strong>Ai sensi dell\u2019art. 6 lett. a), le immagini che La riguardano, relative alla sua partecipazione alla gara-evento <em>Ladies Golf Cup by Tuttotondo<\/em>, fermo il diritto di opposizione, riprese a mezzo video, foto, stampa, pubblicazioni, internet, intranet, cd, dvd, ecc., potranno essere utilizzate mediante pubblicazione online, sul sito internet e sui Social, o a mezzo stampa, previo rilascio di esplicito consenso, solamente per scopi divulgativi, promozionali o di informazione delle iniziative e delle attivit\u00e0 svolti da AeroGolf.<\/p>\n<p style=\"text-align: justify;\"><strong>III \u2013 Natura del conferimento.<\/strong><\/p>\n<p style=\"text-align: justify;\">Il conferimento dei Suoi dati personali e, ove necessario, di quelli dei Suoi familiari, eventualmente anche particolari, per le finalit\u00e0 relative alla sua partecipazione alla gara-evento <em>Ladies Golf Cup by Tuttotondo<\/em> \u00e8 obbligatorio, in adempimento di disposizioni di legge o previo rilascio del consenso, se necessario, e il loro mancato conferimento potrebbe comportare l\u2019impossibilit\u00e0 e\/o la mancata instaurazione e prosecuzione del rapporto.<\/p>\n<p style=\"text-align: justify;\">Il conferimento dell\u2019immagine per finalit\u00e0 di promozione delle attivit\u00e0 del Titolare o degli Sponsor o dei Media Partner mediante diffusione sul sito internet, sui Social o a mezzo stampa di quest\u2019ultimo \u00e8 facoltativo, in mancanza il Titolare non proceder\u00e0 al relativo trattamento. Il mancato conferimento degli ulteriori dati richiesti e trattati per finalit\u00e0 diverse dalle precedenti, conferimento di per s\u00e9 non obbligatorio, potrebbe comportare l\u2019impossibilit\u00e0 per il Titolare di dar seguito alle attivit\u00e0 promozionali ivi indicate, ma non pregiudica la possibilit\u00e0 di partecipare alla gara-evento <em>Ladies Golf Cup by Tuttotondo<\/em>.<\/p>\n<ol style=\"text-align: justify;\">\n<li><strong> \u2013 Trasferimento comunicazione e destinatari.<\/strong><\/li>\n<\/ol>\n<p style=\"text-align: justify;\"><strong>Paesi UE ed extra UE.<\/strong><\/p>\n<p style=\"text-align: justify;\">Il Titolare del trattamento ove necessario, avr\u00e0 facolt\u00e0 di trasferire i Suoi dati sia in Stati membri dell\u2019Unione Europea, sia in Paesi terzi non appartenenti alla stessa. A tal fine, stipuler\u00e0, ove occorra, le clausole contrattuali standard approvate dalla Commissione Europea ovvero le altre condizioni di liceit\u00e0 del trasferimento stesso. I dati personali sono conservati su server ubicati all\u2019interno dell\u2019Unione Europea.<\/p>\n<p style=\"text-align: justify;\">Resta in ogni caso inteso che il Titolare, ove si rendesse necessario, avr\u00e0 facolt\u00e0 di spostare i server anche extra-UE. In tal caso, il Titolare assicura sin d\u2019ora che il trasferimento dei dati extra-UE avverr\u00e0 in conformit\u00e0 alle disposizioni di legge applicabili, previa stipula delle clausole contrattuali standard previste dalla Commissione Europea.<\/p>\n<p style=\"text-align: justify;\"><strong>Destinatari e Responsabili.<\/strong><\/p>\n<p style=\"text-align: justify;\">Per taluni servizi, il Titolare si avvale di soggetti terzi di propria fiducia che, in qualit\u00e0 di autonomi titolari del trattamento, o in alcuni casi in qualit\u00e0 di responsabili del trattamento, svolgono compiti di natura tecnica od organizzativa, quali, ad esempio: la prestazione di servizi di stampa, imbustamento, trasmissione, trasporto e smistamento di comunicazioni; la prestazione di servizi amministrativo-contabili, di archiviazione della documentazione; la prestazione di servizi di acquisizione, registrazione e trattamento di dati rivenienti da documenti o supporti forniti o originati dagli stessi interessati; societ\u00e0 di revisione contabile.<\/p>\n<p style=\"text-align: justify;\">I Suoi dati, ovvero quelli dei Suoi familiari, eventualmente minori di et\u00e0, potranno quindi essere comunicati e trasferiti: ad Enti o Uffici Pubblici o Pubbliche Amministrazioni in funzione degli obblighi di legge; agli istituti bancari di cui ci serviamo. I dati personali, ad eccezione di quanto previsto dalla presente informativa in merito alla pubblicazione online o a mezzo stampa dell\u2019immagine per finalit\u00e0 promozionali, commerciali e divulgative delle iniziative, delle attivit\u00e0 e dei servizi svolti dal Titolare, non saranno oggetto di diffusione.<\/p>\n<ol style=\"text-align: justify;\">\n<li><strong> &#8211; Modalit\u00e0 di trattamento.<\/strong><\/li>\n<\/ol>\n<p style=\"text-align: justify;\">I dati verranno trattati e conservati su supporti cartacei ed informatici all\u2019interno dell\u2019organizzazione o su server nella disponibilit\u00e0 del Titolare residenti all\u2019estero, nel rispetto degli Articoli 44 e ss. del Reg. Gen. 679\/2016, per un periodo non superiore a quello necessario per adempiere agli obblighi di legge e perseguire le finalit\u00e0 richiamate, in adesione ai principi di pertinenza, non eccedenza ed indispensabilit\u00e0.<\/p>\n<p style=\"text-align: justify;\"><strong>Conservazione e Sicurezza.<\/strong><\/p>\n<p style=\"text-align: justify;\">Nel rispetto dei principi di liceit\u00e0, limitazione delle finalit\u00e0 e minimizzazione dei dati, ai sensi dell\u2019art. 5 GDPR 2016\/679, il periodo di conservazione dei Suoi dati personali, che avverr\u00e0 all\u2019interno dell\u2019Unione Europea, \u00e8 stabilito per un arco di tempo non superiore al conseguimento delle finalit\u00e0 per le quali sono raccolti e trattati e nel rispetto dei tempi prescritti dalla legge.<\/p>\n<p style=\"text-align: justify;\">Il trattamento dei Suoi dati sar\u00e0 effettuato con il supporto di mezzi cartacei, informatici o telematici con modalit\u00e0 e strumenti idonei a garantire, con riferimento allo stato dell\u2019arte, la riservatezza, l\u2019integrit\u00e0, la disponibilit\u00e0 dei dati e la resilienza dei sistemi, nel rispetto di quanto previsto dall\u2019art. 32 del Regolamento Generale sulla Protezione dei Dati (UE\/2016\/679), ad opera di soggetti appositamente incaricati, in ottemperanza a quanto previsto dagli art. 29 e ss. GDPR 2016\/679.<\/p>\n<p style=\"text-align: justify;\"><strong>Accesso ai dati.<\/strong><\/p>\n<p style=\"text-align: justify;\">I Suoi dati potranno essere resi accessibili per le finalit\u00e0 di cui al punto (II) della presente Informativa: 1) a dipendenti e collaboratori del Titolare, nella loro qualit\u00e0 di soggetti autorizzati alle operazioni di trattamento e\/o designati alla sicurezza delle operazioni di trattamento dei dati; 2) a societ\u00e0 terze o altri soggetti (a titolo indicativo, istituti di credito, studi professionali, consulenti, societ\u00e0 di assicurazione per la prestazione di servizi assicurativi, ecc.) che svolgono attivit\u00e0 in outsourcing per conto del Titolare, nella loro qualit\u00e0 di responsabili esterni del trattamento.<\/p>\n<ol style=\"text-align: justify;\">\n<li><strong> \u2013 Diritti dell\u2019interessato.<\/strong><\/li>\n<\/ol>\n<p style=\"text-align: justify;\">In ogni momento, Lei potr\u00e0 esercitare i diritti di cui alle sezioni 2, 3, 4, del Capo III del Reg. Gen. 679\/2003, ed in particolare, ove applicabili: chiedere la conferma dell\u2019esistenza o meno di propri dati personali; ottenere la limitazione del trattamento; ottenere la portabilit\u00e0 dei dati; opporsi al trattamento in qualsiasi momento ed anche nel caso di trattamento per finalit\u00e0 di marketing diretto; opporsi ad un processo decisionale automatizzato relativo alle persone fisiche, compresa la profilazione; proporre reclamo ad un\u2019autorit\u00e0 competente, in Italia l\u2019Autorit\u00e0 Garante per la Protezione dei Dati Personali, con sede in Piazza Venezia n. 2, 00187, ROMA. Le \u00e8 riconosciuta in ogni momento la facolt\u00e0 di revocare il consenso al trattamento dei Suoi dati personali senza tuttavia pregiudicare la liceit\u00e0 del trattamento basato sul consenso prestato prima della revoca.<\/p>\n<p style=\"text-align: justify;\"><strong>VII. &#8211; Titolari.<\/strong><\/p>\n<p style=\"text-align: justify;\">Il Titolare del trattamento \u00e8 AeroGolf Associazione Italiana Golf Piloti e Gente dell\u2019Aria, con sede in Via Dobbiaco 52 \u2013 00124 \u2013 Roma (RM), e-mail: info@aerogolf.it, cui potr\u00e0 rivolgersi per esercitare il diritto di accesso, chiedendo di ottenere la conferma dell\u2019esistenza o meno dei dati e di conoscerne il contenuto e l\u2019origine, verificarne l\u2019esattezza o chiederne l\u2019integrazione, l\u2019aggiornamento oppure la rettificazione e di opporsi per motivi legittimi al loro trattamento.<\/p>\n<p style=\"text-align: justify;\">AeroGolf Associazione Italiana Golf Piloti e Gente dell\u2019Aria non ha proceduto alla nomina del Responsabile per la Protezione dei dati personali non essendovi tenuta ai sensi delle disposizioni di cui all\u2019art 37 del Reg. UE 679\/2016.<\/p>\n<p style=\"text-align: justify;\">Sono sponsor dell\u2019evento e quindi Contitolari del relativo trattamento:<\/p>\n<p style=\"text-align: justify;\">(a). \u2013 BEAUTY SAN S.p.A.<\/p>\n<p style=\"text-align: justify;\">(b). \u2013 MBM Biliardi<\/p>\n<p style=\"text-align: justify;\">(c). \u2013 INSIDE AFRICA di Stefano Nori<\/p>\n<p style=\"text-align: justify;\">L\u00ec, Roma 2 luglio 2021<\/p>\n","protected":false},"excerpt":{"rendered":"<p>Informazioni obbligatorie in materia di protezione dei dati personali Artt. 13 e 14 del Regolamento (UE) 2016\/679. Ai sensi degli articoli artt. 13 e 14 del Regolamento (UE) 2016\/679, AeroGolf Associazione Italiana Golf Piloti e Gente dell\u2019Aria (di seguito \u201cAeroGolf\u201d) con sede in Via Dobbiaco 52 \u2013 00124 \u2013 Roma (RM), e-mail: info@aerogolf.it in qualit\u00e0<a class=\"read-more\" href=\"https:\/\/www.aerogolf.it\/index.php\/privacy-evento-7-8-marzo-2020\/\">Continue reading <i class=\"fa fa-angle-right fa-lg\"><\/i><\/a><\/p>\n","protected":false},"author":1,"featured_media":0,"parent":0,"menu_order":0,"comment_status":"closed","ping_status":"closed","template":"","meta":{"pgc_meta":"","_bbp_topic_count":0,"_bbp_reply_count":0,"_bbp_total_topic_count":0,"_bbp_total_reply_count":0,"_bbp_voice_count":0,"_bbp_anonymous_reply_count":0,"_bbp_topic_count_hidden":0,"_bbp_reply_count_hidden":0,"_bbp_forum_subforum_count":0,"_mi_skip_tracking":false,"_exactmetrics_sitenote_active":false,"_exactmetrics_sitenote_note":"","_exactmetrics_sitenote_category":0,"_monsterinsights_sitenote_active":false,"_monsterinsights_sitenote_note":"","_monsterinsights_sitenote_category":0,"footnotes":""},"class_list":["post-9968","page","type-page","status-publish","hentry"],"pgc_meta":"","_links":{"self":[{"href":"https:\/\/www.aerogolf.it\/index.php\/wp-json\/wp\/v2\/pages\/9968","targetHints":{"allow":["GET"]}}],"collection":[{"href":"https:\/\/www.aerogolf.it\/index.php\/wp-json\/wp\/v2\/pages"}],"about":[{"href":"https:\/\/www.aerogolf.it\/index.php\/wp-json\/wp\/v2\/types\/page"}],"author":[{"embeddable":true,"href":"https:\/\/www.aerogolf.it\/index.php\/wp-json\/wp\/v2\/users\/1"}],"replies":[{"embeddable":true,"href":"https:\/\/www.aerogolf.it\/index.php\/wp-json\/wp\/v2\/comments?post=9968"}],"version-history":[{"count":5,"href":"https:\/\/www.aerogolf.it\/index.php\/wp-json\/wp\/v2\/pages\/9968\/revisions"}],"predecessor-version":[{"id":13849,"href":"https:\/\/www.aerogolf.it\/index.php\/wp-json\/wp\/v2\/pages\/9968\/revisions\/13849"}],"wp:attachment":[{"href":"https:\/\/www.aerogolf.it\/index.php\/wp-json\/wp\/v2\/media?parent=9968"}],"curies":[{"name":"wp","href":"https:\/\/api.w.org\/{rel}","templated":true}]}}